{"id":117925,"date":"2023-07-12T16:36:55","date_gmt":"2023-07-12T14:36:55","guid":{"rendered":"https:\/\/espacesantefamille.be\/?page_id=117925"},"modified":"2023-08-11T12:03:02","modified_gmt":"2023-08-11T10:03:02","slug":"voyage-organise","status":"publish","type":"page","link":"http:\/\/espacesantefamille.be\/index.php\/voyage-organise\/","title":{"rendered":"P\u00f4le exchange"},"content":{"rendered":"<div class=\"wpb-content-wrapper\"><p>[vc_row row_height_percent=\u00a0\u00bb65&Prime; override_padding=\u00a0\u00bbyes\u00a0\u00bb h_padding=\u00a0\u00bb2&Prime; top_padding=\u00a0\u00bb3&Prime; bottom_padding=\u00a0\u00bb3&Prime; back_image=\u00a0\u00bb118014&Prime; back_position=\u00a0\u00bbcenter center\u00a0\u00bb parallax=\u00a0\u00bbyes\u00a0\u00bb kburns=\u00a0\u00bbzoom\u00a0\u00bb overlay_alpha=\u00a0\u00bb50&Prime; gutter_size=\u00a0\u00bb3&Prime; column_width_percent=\u00a0\u00bb100&Prime; shift_y=\u00a0\u00bb0&Prime; z_index=\u00a0\u00bb0&Prime; top_divider=\u00a0\u00bbgradient\u00a0\u00bb uncode_shortcode_id=\u00a0\u00bb753484&Prime;][vc_column column_width_percent=\u00a0\u00bb100&Prime; position_vertical=\u00a0\u00bbmiddle\u00a0\u00bb gutter_size=\u00a0\u00bb2&Prime; style=\u00a0\u00bbdark\u00a0\u00bb overlay_alpha=\u00a0\u00bb50&Prime; shift_x=\u00a0\u00bb0&Prime; shift_y=\u00a0\u00bb0&Prime; shift_y_down=\u00a0\u00bb0&Prime; z_index=\u00a0\u00bb0&Prime; medium_width=\u00a0\u00bb0&Prime; mobile_width=\u00a0\u00bb0&Prime; width=\u00a0\u00bb1\/1&Prime;][\/vc_column][\/vc_row][vc_row row_height_percent=\u00a0\u00bb0&Prime; override_padding=\u00a0\u00bbyes\u00a0\u00bb h_padding=\u00a0\u00bb2&Prime; top_padding=\u00a0\u00bb5&Prime; bottom_padding=\u00a0\u00bb5&Prime; overlay_alpha=\u00a0\u00bb50&Prime; gutter_size=\u00a0\u00bb4&Prime; column_width_percent=\u00a0\u00bb100&Prime; shift_y=\u00a0\u00bb0&Prime; z_index=\u00a0\u00bb1&Prime; top_divider=\u00a0\u00bbgradient\u00a0\u00bb bottom_divider=\u00a0\u00bbgradient\u00a0\u00bb][vc_column column_width_percent=\u00a0\u00bb100&Prime; gutter_size=\u00a0\u00bb2&Prime; overlay_alpha=\u00a0\u00bb50&Prime; shift_x=\u00a0\u00bb0&Prime; shift_y=\u00a0\u00bb0&Prime; shift_y_down=\u00a0\u00bb0&Prime; z_index=\u00a0\u00bb0&Prime; medium_width=\u00a0\u00bb0&Prime; mobile_width=\u00a0\u00bb0&Prime; width=\u00a0\u00bb1\/1&Prime;][vc_custom_heading text_color=\u00a0\u00bbcolor-112534&Prime; heading_semantic=\u00a0\u00bbh6&Prime; text_size=\u00a0\u00bbh6&Prime; text_transform=\u00a0\u00bbuppercase\u00a0\u00bb css_animation=\u00a0\u00bbzoom-out\u00a0\u00bb uncode_shortcode_id=\u00a0\u00bb981718&Prime; text_color_type=\u00a0\u00bbuncode-palette\u00a0\u00bb]<\/p>\n<div class=\"page\" title=\"Page 1\">\n<div class=\"section\">\n<div class=\"layoutArea\">\n<div class=\"column\">\n<p>RENCONTRE<\/p>\n<\/div>\n<\/div>\n<\/div>\n<\/div>\n<p>[\/vc_custom_heading][vc_custom_heading heading_semantic=\u00a0\u00bbh3&Prime; text_size=\u00a0\u00bbh3&Prime; text_transform=\u00a0\u00bbuppercase\u00a0\u00bb css_animation=\u00a0\u00bbzoom-out\u00a0\u00bb uncode_shortcode_id=\u00a0\u00bb239715&Prime;]<\/p>\n<div class=\"page\" title=\"Page 1\">\n<div class=\"section\">\n<div class=\"layoutArea\">\n<div class=\"column\">\n<p>P\u00f4le Exchange<\/p>\n<\/div>\n<\/div>\n<\/div>\n<\/div>\n<p>[\/vc_custom_heading][vc_column_text css_animation=\u00a0\u00bbright-t-left\u00a0\u00bb uncode_shortcode_id=\u00a0\u00bb107379&Prime;]L\u2019association s\u2019int\u00e9resse de mani\u00e8re g\u00e9n\u00e9ralement quelconque \u00e0 des associations, entreprises ou organismes ayant un objet social analogue ou connexe ou pouvant aider \u00e0 la r\u00e9alisation ou au d\u00e9veloppement de son objet ; ce p\u00f4le int\u00e8gre donc la collaboration avec les associations d\u2019encadrement autour de la famille dans d\u2019autres pays. Elle favorise l\u2019inclusion d\u2019\u00e9tudiants \u00e9trangers au sein de l\u2019ASBL et propose aux \u00e9tudiants Belges des exp\u00e9riences sur place. Elle organise des s\u00e9minaires, conf\u00e9rences en lien avec la sant\u00e9 et la famille en Belgique et \u00e0 l\u2019\u00e9tranger[\/vc_column_text][\/vc_column][\/vc_row]<\/p>\n<\/div>","protected":false},"excerpt":{"rendered":"<p>[vc_row row_height_percent=\u00a0\u00bb65&Prime; override_padding=\u00a0\u00bbyes\u00a0\u00bb h_padding=\u00a0\u00bb2&Prime; top_padding=\u00a0\u00bb3&Prime; bottom_padding=\u00a0\u00bb3&Prime; back_image=\u00a0\u00bb118014&Prime; back_position=\u00a0\u00bbcenter center\u00a0\u00bb parallax=\u00a0\u00bbyes\u00a0\u00bb kburns=\u00a0\u00bbzoom\u00a0\u00bb overlay_alpha=\u00a0\u00bb50&Prime; gutter_size=\u00a0\u00bb3&Prime; column_width_percent=\u00a0\u00bb100&Prime; shift_y=\u00a0\u00bb0&Prime; z_index=\u00a0\u00bb0&Prime; top_divider=\u00a0\u00bbgradient\u00a0\u00bb uncode_shortcode_id=\u00a0\u00bb753484&Prime;][vc_column column_width_percent=\u00a0\u00bb100&Prime; position_vertical=\u00a0\u00bbmiddle\u00a0\u00bb [&hellip;]<\/p>\n","protected":false},"author":1,"featured_media":0,"parent":0,"menu_order":0,"comment_status":"closed","ping_status":"closed","template":"","meta":{"footnotes":""},"class_list":["post-117925","page","type-page","status-publish","hentry"],"_links":{"self":[{"href":"http:\/\/espacesantefamille.be\/index.php\/wp-json\/wp\/v2\/pages\/117925","targetHints":{"allow":["GET"]}}],"collection":[{"href":"http:\/\/espacesantefamille.be\/index.php\/wp-json\/wp\/v2\/pages"}],"about":[{"href":"http:\/\/espacesantefamille.be\/index.php\/wp-json\/wp\/v2\/types\/page"}],"author":[{"embeddable":true,"href":"http:\/\/espacesantefamille.be\/index.php\/wp-json\/wp\/v2\/users\/1"}],"replies":[{"embeddable":true,"href":"http:\/\/espacesantefamille.be\/index.php\/wp-json\/wp\/v2\/comments?post=117925"}],"version-history":[{"count":6,"href":"http:\/\/espacesantefamille.be\/index.php\/wp-json\/wp\/v2\/pages\/117925\/revisions"}],"predecessor-version":[{"id":118007,"href":"http:\/\/espacesantefamille.be\/index.php\/wp-json\/wp\/v2\/pages\/117925\/revisions\/118007"}],"wp:attachment":[{"href":"http:\/\/espacesantefamille.be\/index.php\/wp-json\/wp\/v2\/media?parent=117925"}],"curies":[{"name":"wp","href":"https:\/\/api.w.org\/{rel}","templated":true}]}}