{"id":117870,"date":"2023-07-12T14:52:24","date_gmt":"2023-07-12T12:52:24","guid":{"rendered":"https:\/\/espacesantefamille.be\/?page_id=117870"},"modified":"2025-11-04T22:29:05","modified_gmt":"2025-11-04T21:29:05","slug":"prevention","status":"publish","type":"page","link":"https:\/\/espacesantefamille.be\/index.php\/prevention\/","title":{"rendered":"Prevention"},"content":{"rendered":"<div class=\"wpb-content-wrapper\"><p>[vc_row row_height_percent=\u00a0\u00bb65&Prime; override_padding=\u00a0\u00bbyes\u00a0\u00bb h_padding=\u00a0\u00bb2&Prime; top_padding=\u00a0\u00bb3&Prime; bottom_padding=\u00a0\u00bb3&Prime; back_image=\u00a0\u00bb118676&Prime; overlay_alpha=\u00a0\u00bb34&Prime; gutter_size=\u00a0\u00bb3&Prime; column_width_percent=\u00a0\u00bb100&Prime; shift_y=\u00a0\u00bb0&Prime; z_index=\u00a0\u00bb0&Prime; top_divider=\u00a0\u00bbgradient\u00a0\u00bb uncode_shortcode_id=\u00a0\u00bb129883&Prime;][vc_column column_width_percent=\u00a0\u00bb100&Prime; position_vertical=\u00a0\u00bbmiddle\u00a0\u00bb gutter_size=\u00a0\u00bb2&Prime; style=\u00a0\u00bbdark\u00a0\u00bb overlay_alpha=\u00a0\u00bb50&Prime; shift_x=\u00a0\u00bb0&Prime; shift_y=\u00a0\u00bb0&Prime; shift_y_down=\u00a0\u00bb0&Prime; z_index=\u00a0\u00bb0&Prime; medium_width=\u00a0\u00bb0&Prime; mobile_width=\u00a0\u00bb0&Prime; width=\u00a0\u00bb1\/1&Prime;][\/vc_column][\/vc_row][vc_row row_height_percent=\u00a0\u00bb0&Prime; override_padding=\u00a0\u00bbyes\u00a0\u00bb h_padding=\u00a0\u00bb2&Prime; top_padding=\u00a0\u00bb4&Prime; bottom_padding=\u00a0\u00bb2&Prime; back_color=\u00a0\u00bbcolor-xsdn\u00a0\u00bb overlay_alpha=\u00a0\u00bb50&Prime; gutter_size=\u00a0\u00bb3&Prime; column_width_percent=\u00a0\u00bb100&Prime; shift_y=\u00a0\u00bb0&Prime; z_index=\u00a0\u00bb0&Prime; uncode_shortcode_id=\u00a0\u00bb170893&Prime; back_color_type=\u00a0\u00bbuncode-palette\u00a0\u00bb][vc_column column_width_percent=\u00a0\u00bb100&Prime; position_vertical=\u00a0\u00bbmiddle\u00a0\u00bb align_horizontal=\u00a0\u00bbalign_center\u00a0\u00bb gutter_size=\u00a0\u00bb3&Prime; overlay_alpha=\u00a0\u00bb50&Prime; shift_x=\u00a0\u00bb0&Prime; shift_y=\u00a0\u00bb0&Prime; shift_y_down=\u00a0\u00bb0&Prime; z_index=\u00a0\u00bb0&Prime; medium_width=\u00a0\u00bb0&Prime; mobile_width=\u00a0\u00bb0&Prime; width=\u00a0\u00bb1\/1&Prime; uncode_shortcode_id=\u00a0\u00bb877479&Prime;][vc_custom_heading text_color=\u00a0\u00bbcolor-jevc\u00a0\u00bb text_weight=\u00a0\u00bb700&Prime; text_transform=\u00a0\u00bbuppercase\u00a0\u00bb uncode_shortcode_id=\u00a0\u00bb108439&Prime; text_color_type=\u00a0\u00bbuncode-palette\u00a0\u00bb]NOS DIFF\u00c9RENTES SP\u00c9CIALIT\u00c9S[\/vc_custom_heading][vc_gallery el_id=\u00a0\u00bbgallery-199687&Prime; type=\u00a0\u00bbcarousel\u00a0\u00bb medias=\u00a0\u00bb118428,118429,118430,118432,118433,118532&Prime; carousel_lg=\u00a0\u00bb4&Prime; carousel_md=\u00a0\u00bb2&Prime; carousel_sm=\u00a0\u00bb1&Prime; gutter_size=\u00a0\u00bb2&Prime; media_items=\u00a0\u00bbmedia|custom_link|original,icon\u00a0\u00bb carousel_interval=\u00a0\u00bb3000&Prime; carousel_navspeed=\u00a0\u00bb400&Prime; carousel_loop=\u00a0\u00bbyes\u00a0\u00bb carousel_nav=\u00a0\u00bbyes\u00a0\u00bb carousel_dots=\u00a0\u00bbyes\u00a0\u00bb stage_padding=\u00a0\u00bb0&Prime; single_overlay_opacity=\u00a0\u00bb50&Prime; single_overlay_anim=\u00a0\u00bbno\u00a0\u00bb single_padding=\u00a0\u00bb2&Prime; single_border=\u00a0\u00bbyes\u00a0\u00bb uncode_shortcode_id=\u00a0\u00bb780695&Prime; items=\u00a0\u00bbeyIxMTgzMzRfaSI6eyJzaW5nbGVfbGluayI6InVybDpodHRwcyUzQSUyRiUyRmVzcGFjZXNhbnRlZmFtaWxsZS5jb20lMkZpbmRleC5waHAlMkZwcmV2ZW50aW9uJTJGfHRpdGxlOlByZXZlbnRpb258dGFyZ2V0Ol9ibGFuayJ9LCIxMTgzMzVfaSI6eyJzaW5nbGVfbGluayI6InVybDpodHRwcyUzQSUyRiUyRmVzcGFjZXNhbnRlZmFtaWxsZS5jb20lMkZpbmRleC5waHAlMkZyZW5jb250cmUlMkZ8dGl0bGU6UmVuY29udHJlfHRhcmdldDpfYmxhbmsifSwiMTE4MzM2X2kiOnsic2luZ2xlX2xpbmsiOiJ1cmw6aHR0cHMlM0ElMkYlMkZlc3BhY2VzYW50ZWZhbWlsbGUuY29tJTJGaW5kZXgucGhwJTJGcmVzZWF1JTJGfHRpdGxlOlJlc2VhdXx0YXJnZXQ6X2JsYW5rIn0sIjExODM1NV9pIjp7InNpbmdsZV9saW5rIjoidXJsOmh0dHBzJTNBJTJGJTJGZXNwYWNlc2FudGVmYW1pbGxlLmNvbSUyRmluZGV4LnBocCUyRmZhbWlsbGUlMkZ8dGl0bGU6RmFtaWxsZXx0YXJnZXQ6X2JsYW5rIn0sIjExODM1NF9pIjp7InNpbmdsZV9saW5rIjoidXJsOmh0dHBzJTNBJTJGJTJGZXNwYWNlc2FudGVmYW1pbGxlLmNvbSUyRmluZGV4LnBocCUyRmV4aWwlMkZ8dGl0bGU6RXhpbHx0YXJnZXQ6X2JsYW5rIn0sIjExODM1M19pIjp7InNpbmdsZV9saW5rIjoidXJsOmh0dHBzJTNBJTJGJTJGZXNwYWNlc2FudGVmYW1pbGxlLmNvbSUyRmluZGV4LnBocCUyRmVuZmFudCUyRnx0aXRsZTpFbmZhbnR8dGFyZ2V0Ol9ibGFuayJ9LCIxMTgzNTFfaSI6eyJzaW5nbGVfbGluayI6InVybDpodHRwcyUzQSUyRiUyRmVzcGFjZXNhbnRlZmFtaWxsZS5jb20lMkZpbmRleC5waHAlMkZhZHVsdGUlMkZ8dGl0bGU6QWR1bHRlfHRhcmdldDpfYmxhbmsifSwiMTE4MzUyX2kiOnsic2luZ2xlX2xpbmsiOiJ1cmw6aHR0cHMlM0ElMkYlMkZlc3BhY2VzYW50ZWZhbWlsbGUuY29tJTJGaW5kZXgucGhwJTJGY291cGxlJTJGfHRpdGxlOkNvdXBsZXx0YXJnZXQ6X2JsYW5rIn0sIjExODM1MF9pIjp7InNpbmdsZV9saW5rIjoidXJsOmh0dHBzJTNBJTJGJTJGZXNwYWNlc2FudGVmYW1pbGxlLmNvbSUyRmluZGV4LnBocCUyRmEtZG9taWNpbCUyRnx0aXRsZTpBJTIwZG9taWNpbHx0YXJnZXQ6X2JsYW5rIn0sIjExODM5MF9pIjp7InNpbmdsZV9saW5rIjoidXJsOmh0dHBzJTNBJTJGJTJGZXNwYWNlc2FudGVmYW1pbGxlLmNvbSUyRmluZGV4LnBocCUyRmZhbWlsbGUlMkZ8dGl0bGU6RmFtaWxsZXx0YXJnZXQ6X2JsYW5rIn0sIjExODM5MV9pIjp7InNpbmdsZV9saW5rIjoidXJsOmh0dHBzJTNBJTJGJTJGZXNwYWNlc2FudGVmYW1pbGxlLmNvbSUyRmluZGV4LnBocCUyRmNvdXBsZSUyRnx0aXRsZTpDb3VwbGV8dGFyZ2V0Ol9ibGFuayJ9LCIxMTgzOTJfaSI6eyJzaW5nbGVfbGluayI6InVybDpodHRwcyUzQSUyRiUyRmVzcGFjZXNhbnRlZmFtaWxsZS5jb20lMkZpbmRleC5waHAlMkZhZHVsdGUlMkZ8dGl0bGU6QWR1bHRlIn0sIjExODM5M19pIjp7InNpbmdsZV9saW5rIjoidXJsOmh0dHBzJTNBJTJGJTJGZXNwYWNlc2FudGVmYW1pbGxlLmNvbSUyRmluZGV4LnBocCUyRmVuZmFudCUyRnx0aXRsZTpFbmZhbnR8dGFyZ2V0Ol9ibGFuayJ9LCIxMTgzOTRfaSI6eyJzaW5nbGVfbGluayI6InVybDpodHRwcyUzQSUyRiUyRmVzcGFjZXNhbnRlZmFtaWxsZS5jb20lMkZpbmRleC5waHAlMkZleGlsJTJGfHRpdGxlOkV4aWx8dGFyZ2V0Ol9ibGFuayJ9LCIxMTgzOTVfaSI6eyJzaW5nbGVfbGluayI6InVybDpodHRwcyUzQSUyRiUyRmVzcGFjZXNhbnRlZmFtaWxsZS5jb20lMkZpbmRleC5waHAlMkZhLWRvbWljaWwlMkZ8dGl0bGU6QSUyMGRvbWljaWx8dGFyZ2V0Ol9ibGFuayJ9LCIxMTg0MjhfaSI6eyJzaW5nbGVfbGluayI6InVybDpodHRwcyUzQSUyRiUyRmVzcGFjZXNhbnRlZmFtaWxsZS5jb20lMkZpbmRleC5waHAlMkZmYW1pbGxlJTJGfHRpdGxlOkZhbWlsbGV8dGFyZ2V0Ol9ibGFuayJ9LCIxMTg0MjlfaSI6eyJzaW5nbGVfbGluayI6InVybDpodHRwcyUzQSUyRiUyRmVzcGFjZXNhbnRlZmFtaWxsZS5jb20lMkZpbmRleC5waHAlMkZjb3VwbGUlMkZ8dGl0bGU6Q291cGxlfHRhcmdldDpfYmxhbmsifSwiMTE4NDMwX2kiOnsic2luZ2xlX2xpbmsiOiJ1cmw6aHR0cHMlM0ElMkYlMkZlc3BhY2VzYW50ZWZhbWlsbGUuY29tJTJGaW5kZXgucGhwJTJGYWR1bHRlJTJGfHRpdGxlOkFkdWx0ZXx0YXJnZXQ6X2JsYW5rIn0sIjExODQzMV9pIjp7InNpbmdsZV9saW5rIjoidXJsOmh0dHBzJTNBJTJGJTJGZXNwYWNlc2FudGVmYW1pbGxlLmNvbSUyRmluZGV4LnBocCUyRmVuZmFudCUyRnx0aXRsZTpFbmZhbnR8dGFyZ2V0Ol9ibGFuayJ9LCIxMTg0MzJfaSI6eyJzaW5nbGVfbGluayI6InVybDpodHRwcyUzQSUyRiUyRmVzcGFjZXNhbnRlZmFtaWxsZS5jb20lMkZpbmRleC5waHAlMkZleGlsJTJGfHRpdGxlOkV4aWx8dGFyZ2V0Ol9ibGFuayJ9LCIxMTg0MzNfaSI6eyJzaW5nbGVfbGluayI6InVybDpodHRwcyUzQSUyRiUyRmVzcGFjZXNhbnRlZmFtaWxsZS5jb20lMkZpbmRleC5waHAlMkZhLWRvbWljaWwlMkZ8dGl0bGU6QSUyMGRvbWljaWx8dGFyZ2V0Ol9ibGFuayJ9LCIxMTg1MzJfaSI6eyJzaW5nbGVfbGluayI6InVybDpodHRwcyUzQSUyRiUyRmVzcGFjZXNhbnRlZmFtaWxsZS5jb20lMkZpbmRleC5waHAlMkZlbmZhbnQlMkZ8dGl0bGU6RW5mYW50In19&Prime;][\/vc_column][\/vc_row][vc_row row_height_percent=\u00a0\u00bb0&Prime; override_padding=\u00a0\u00bbyes\u00a0\u00bb h_padding=\u00a0\u00bb2&Prime; top_padding=\u00a0\u00bb3&Prime; bottom_padding=\u00a0\u00bb5&Prime; back_color=\u00a0\u00bbcolor-xsdn\u00a0\u00bb overlay_alpha=\u00a0\u00bb50&Prime; gutter_size=\u00a0\u00bb4&Prime; column_width_percent=\u00a0\u00bb100&Prime; shift_y=\u00a0\u00bb0&Prime; z_index=\u00a0\u00bb1&Prime; top_divider=\u00a0\u00bbgradient\u00a0\u00bb bottom_divider=\u00a0\u00bbgradient\u00a0\u00bb uncode_shortcode_id=\u00a0\u00bb613833&Prime; back_color_type=\u00a0\u00bbuncode-palette\u00a0\u00bb][vc_column column_width_percent=\u00a0\u00bb100&Prime; gutter_size=\u00a0\u00bb2&Prime; overlay_alpha=\u00a0\u00bb50&Prime; shift_x=\u00a0\u00bb0&Prime; shift_y=\u00a0\u00bb0&Prime; shift_y_down=\u00a0\u00bb0&Prime; z_index=\u00a0\u00bb0&Prime; medium_width=\u00a0\u00bb0&Prime; mobile_width=\u00a0\u00bb0&Prime; width=\u00a0\u00bb1\/1&Prime;][vc_custom_heading text_color=\u00a0\u00bbcolor-jevc\u00a0\u00bb heading_semantic=\u00a0\u00bbh6&Prime; text_size=\u00a0\u00bbh6&Prime; text_transform=\u00a0\u00bbuppercase\u00a0\u00bb css_animation=\u00a0\u00bbzoom-out\u00a0\u00bb uncode_shortcode_id=\u00a0\u00bb287680&Prime; text_color_type=\u00a0\u00bbuncode-palette\u00a0\u00bb]<\/p>\n<div class=\"page\" title=\"Page 1\">\n<div class=\"section\">\n<div class=\"layoutArea\">\n<div class=\"column\">\n<h3 style=\"text-align: left;\" data-start=\"116\" data-end=\"151\"><b><span style=\"color: #c0ccd3;\">|<\/span>&nbsp;<\/b>\ud83e\ude7a Axe Pr\u00e9vention &amp; Formation<span style=\"color: #c0ccd3;\">.<\/span><\/h3>\n<\/div>\n<\/div>\n<\/div>\n<\/div>\n<p>&nbsp;[\/vc_custom_heading][vc_row_inner][vc_column_inner width=\u00a0\u00bb1\/1&Prime;][vc_column_text text_color=\u00a0\u00bbcolor-jevc\u00a0\u00bb uncode_shortcode_id=\u00a0\u00bb539492&Prime; text_color_type=\u00a0\u00bbuncode-palette\u00a0\u00bb]<\/p>\n<h3 style=\"text-align: left;\" data-start=\"152\" data-end=\"233\"><strong data-start=\"152\" data-end=\"233\">Sensibiliser, informer et accompagner les familles vers un meilleur bien-\u00eatre<\/strong><\/h3>\n<p style=\"text-align: left;\" data-start=\"235\" data-end=\"571\">L\u2019axe <strong data-start=\"241\" data-end=\"255\">Pr\u00e9vention<\/strong> de notre ASBL vise \u00e0 <strong data-start=\"277\" data-end=\"331\">renforcer les comp\u00e9tences parentales et familiales<\/strong>, tout en <strong data-start=\"341\" data-end=\"399\">favorisant la sant\u00e9 physique, psychologique et sociale<\/strong> de chacun.<br data-start=\"410\" data-end=\"413\">Nos actions s\u2019articulent autour de la <strong data-start=\"451\" data-end=\"510\">sensibilisation, de la formation et de l\u2019accompagnement<\/strong> des familles sur des th\u00e9matiques essentielles telles que :<\/p>\n<ul style=\"text-align: left;\" data-start=\"572\" data-end=\"792\">\n<li data-start=\"572\" data-end=\"598\">\n<p data-start=\"574\" data-end=\"598\">la sant\u00e9 et l\u2019hygi\u00e8ne,<\/p>\n<\/li>\n<li data-start=\"599\" data-end=\"655\">\n<p data-start=\"601\" data-end=\"655\">la parentalit\u00e9 et les pratiques \u00e9ducatives adapt\u00e9es,<\/p>\n<\/li>\n<li data-start=\"656\" data-end=\"686\">\n<p data-start=\"658\" data-end=\"686\">les soins aux tout-petits,<\/p>\n<\/li>\n<li data-start=\"687\" data-end=\"725\">\n<p data-start=\"689\" data-end=\"725\">la gestion des conflits conjugaux,<\/p>\n<\/li>\n<li data-start=\"726\" data-end=\"792\">\n<p data-start=\"728\" data-end=\"792\">la pr\u00e9vention de la d\u00e9linquance et des comportements \u00e0 risque.<\/p>\n<\/li>\n<\/ul>\n<hr data-start=\"794\" data-end=\"797\">\n<h3 style=\"text-align: left;\" data-start=\"799\" data-end=\"831\"><strong data-start=\"804\" data-end=\"831\">Nos principales actions<\/strong><\/h3>\n<ul style=\"text-align: left;\" data-start=\"832\" data-end=\"1343\">\n<li data-start=\"832\" data-end=\"981\">\n<p data-start=\"834\" data-end=\"981\"><strong data-start=\"834\" data-end=\"874\">Modules d\u2019\u00e9ducation \u00e0 la parentalit\u00e9<\/strong>, anim\u00e9s par une \u00e9quipe pluridisciplinaire : psychologue, \u00e9ducateur, di\u00e9t\u00e9ticienne et assistante sociale.<\/p>\n<\/li>\n<li data-start=\"982\" data-end=\"1058\">\n<p data-start=\"984\" data-end=\"1058\"><strong data-start=\"984\" data-end=\"998\">Formations<\/strong> d\u00e9di\u00e9es \u00e0 la sant\u00e9, \u00e0 l\u2019\u00e9ducation et \u00e0 la vie de famille.<\/p>\n<\/li>\n<li data-start=\"1059\" data-end=\"1225\">\n<p data-start=\"1061\" data-end=\"1225\"><strong data-start=\"1061\" data-end=\"1109\">Ateliers de sensibilisation et de pr\u00e9vention<\/strong> sur l\u2019alimentation, l\u2019hygi\u00e8ne, la d\u00e9linquance, la parentalit\u00e9 bienveillante et les pratiques \u00e9ducatives abusives.<\/p>\n<\/li>\n<li data-start=\"1226\" data-end=\"1343\">\n<p data-start=\"1228\" data-end=\"1343\"><strong data-start=\"1228\" data-end=\"1271\">Interventions th\u00e9rapeutiques familiales<\/strong> fond\u00e9es sur une approche syst\u00e9mique, centr\u00e9e sur le bien-\u00eatre global.<\/p>\n<\/li>\n<\/ul>\n<hr data-start=\"1345\" data-end=\"1348\">\n<h3 style=\"text-align: left;\" data-start=\"1350\" data-end=\"1378\"><strong data-start=\"1355\" data-end=\"1378\">Nos projets \u00e0 venir<\/strong><\/h3>\n<p style=\"text-align: left;\" data-start=\"1379\" data-end=\"1623\">\u00c0 moyen terme, l\u2019ASBL d\u00e9veloppera une <strong data-start=\"1417\" data-end=\"1457\">plateforme de communication en ligne<\/strong> permettant aux parents et aux jeunes d\u2019obtenir des <strong data-start=\"1509\" data-end=\"1544\">r\u00e9ponses fiables et accessibles<\/strong> \u00e0 leurs questions sur l\u2019\u00e9ducation, la parentalit\u00e9 et la sant\u00e9 psychologique.<\/p>\n<hr data-start=\"1625\" data-end=\"1628\">\n<h3 style=\"text-align: left;\" data-start=\"1630\" data-end=\"1670\"><strong data-start=\"1635\" data-end=\"1670\">Nos initiatives compl\u00e9mentaires<\/strong><\/h3>\n<p style=\"text-align: left;\" data-start=\"1671\" data-end=\"1772\">Les professionnels de <strong data-start=\"1693\" data-end=\"1719\">l\u2019Espace Sant\u00e9 Famille<\/strong> partagent r\u00e9guli\u00e8rement leur expertise \u00e0 travers :<\/p>\n<ul data-start=\"1773\" data-end=\"2085\">\n<li style=\"text-align: left;\" data-start=\"1773\" data-end=\"1873\">\n<p data-start=\"1775\" data-end=\"1873\">des <strong data-start=\"1779\" data-end=\"1801\">\u00e9missions de radio<\/strong> sur des th\u00e9matiques li\u00e9es \u00e0 la sant\u00e9, l\u2019\u00e9ducation et la parentalit\u00e9 ;<\/p>\n<\/li>\n<li data-start=\"1874\" data-end=\"2085\">\n<p style=\"text-align: left;\" data-start=\"1876\" data-end=\"2085\">une <strong data-start=\"1880\" data-end=\"1902\">salle de s\u00e9minaire<\/strong> ouverte pour des <strong data-start=\"1920\" data-end=\"1951\">journ\u00e9es de sensibilisation<\/strong> anim\u00e9es par des intervenants accr\u00e9dit\u00e9s (psychologues, p\u00e9dagogues, m\u00e9decins, etc.), qu\u2019ils soient membres ou partenaires de l\u2019ASBL.<\/p>\n<\/li>\n<\/ul>\n<p>[\/vc_column_text][\/vc_column_inner][\/vc_row_inner][\/vc_column][\/vc_row]<\/p>\n<\/div>","protected":false},"excerpt":{"rendered":"<p>[vc_row row_height_percent=\u00a0\u00bb65&Prime; override_padding=\u00a0\u00bbyes\u00a0\u00bb h_padding=\u00a0\u00bb2&Prime; top_padding=\u00a0\u00bb3&Prime; bottom_padding=\u00a0\u00bb3&Prime; back_image=\u00a0\u00bb118676&Prime; overlay_alpha=\u00a0\u00bb34&Prime; gutter_size=\u00a0\u00bb3&Prime; column_width_percent=\u00a0\u00bb100&Prime; shift_y=\u00a0\u00bb0&Prime; z_index=\u00a0\u00bb0&Prime; top_divider=\u00a0\u00bbgradient\u00a0\u00bb uncode_shortcode_id=\u00a0\u00bb129883&Prime;][vc_column column_width_percent=\u00a0\u00bb100&Prime; position_vertical=\u00a0\u00bbmiddle\u00a0\u00bb gutter_size=\u00a0\u00bb2&Prime; style=\u00a0\u00bbdark\u00a0\u00bb overlay_alpha=\u00a0\u00bb50&Prime; shift_x=\u00a0\u00bb0&Prime; [&hellip;]<\/p>\n","protected":false},"author":1,"featured_media":0,"parent":0,"menu_order":0,"comment_status":"closed","ping_status":"closed","template":"","meta":{"footnotes":""},"class_list":["post-117870","page","type-page","status-publish","hentry"],"_links":{"self":[{"href":"https:\/\/espacesantefamille.be\/index.php\/wp-json\/wp\/v2\/pages\/117870","targetHints":{"allow":["GET"]}}],"collection":[{"href":"https:\/\/espacesantefamille.be\/index.php\/wp-json\/wp\/v2\/pages"}],"about":[{"href":"https:\/\/espacesantefamille.be\/index.php\/wp-json\/wp\/v2\/types\/page"}],"author":[{"embeddable":true,"href":"https:\/\/espacesantefamille.be\/index.php\/wp-json\/wp\/v2\/users\/1"}],"replies":[{"embeddable":true,"href":"https:\/\/espacesantefamille.be\/index.php\/wp-json\/wp\/v2\/comments?post=117870"}],"version-history":[{"count":22,"href":"https:\/\/espacesantefamille.be\/index.php\/wp-json\/wp\/v2\/pages\/117870\/revisions"}],"predecessor-version":[{"id":118892,"href":"https:\/\/espacesantefamille.be\/index.php\/wp-json\/wp\/v2\/pages\/117870\/revisions\/118892"}],"wp:attachment":[{"href":"https:\/\/espacesantefamille.be\/index.php\/wp-json\/wp\/v2\/media?parent=117870"}],"curies":[{"name":"wp","href":"https:\/\/api.w.org\/{rel}","templated":true}]}}