{"id":118141,"date":"2023-08-10T14:39:08","date_gmt":"2023-08-10T12:39:08","guid":{"rendered":"https:\/\/espacesantefamille.be\/?page_id=118141"},"modified":"2025-11-20T10:42:11","modified_gmt":"2025-11-20T09:42:11","slug":"acc","status":"publish","type":"page","link":"https:\/\/espacesantefamille.be\/","title":{"rendered":"Accueil"},"content":{"rendered":"<div class=\"wpb-content-wrapper\"><p>[vc_row row_height_percent=\u00a0\u00bb100&Prime; back_image=\u00a0\u00bb118342&Prime; overlay_color=\u00a0\u00bbcolor-jevc\u00a0\u00bb overlay_alpha=\u00a0\u00bb21&Prime; equal_height=\u00a0\u00bbyes\u00a0\u00bb gutter_size=\u00a0\u00bb0&Prime; column_width_use_pixel=\u00a0\u00bbyes\u00a0\u00bb shift_y=\u00a0\u00bb0&Prime; z_index=\u00a0\u00bb0&Prime; row_name=\u00a0\u00bbWelcome\u00a0\u00bb uncode_shortcode_id=\u00a0\u00bb121723&Prime; overlay_color_type=\u00a0\u00bbuncode-palette\u00a0\u00bb][vc_column column_width_use_pixel=\u00a0\u00bbyes\u00a0\u00bb position_vertical=\u00a0\u00bbmiddle\u00a0\u00bb align_horizontal=\u00a0\u00bbalign_center\u00a0\u00bb gutter_size=\u00a0\u00bb3&Prime; style=\u00a0\u00bbdark\u00a0\u00bb overlay_alpha=\u00a0\u00bb50&Prime; shift_x=\u00a0\u00bb0&Prime; shift_y=\u00a0\u00bb0&Prime; shift_y_down=\u00a0\u00bb0&Prime; z_index=\u00a0\u00bb0&Prime; medium_width=\u00a0\u00bb0&Prime; mobile_width=\u00a0\u00bb0&Prime; width=\u00a0\u00bb1\/1&Prime;][vc_row_inner row_inner_height_percent=\u00a0\u00bb0&Prime; overlay_alpha=\u00a0\u00bb50&Prime; gutter_size=\u00a0\u00bb3&Prime; shift_y=\u00a0\u00bb0&Prime; z_index=\u00a0\u00bb0&Prime; limit_content=\u00a0\u00bb\u00a0\u00bb][vc_column_inner column_width_percent=\u00a0\u00bb100&Prime; position_vertical=\u00a0\u00bbmiddle\u00a0\u00bb align_horizontal=\u00a0\u00bbalign_center\u00a0\u00bb gutter_size=\u00a0\u00bb3&Prime; style=\u00a0\u00bbdark\u00a0\u00bb overlay_alpha=\u00a0\u00bb50&Prime; shift_x=\u00a0\u00bb0&Prime; shift_y=\u00a0\u00bb0&Prime; shift_y_down=\u00a0\u00bb0&Prime; z_index=\u00a0\u00bb0&Prime; medium_width=\u00a0\u00bb0&Prime; mobile_width=\u00a0\u00bb0&Prime; width=\u00a0\u00bb1\/1&Prime;][vc_custom_heading heading_semantic=\u00a0\u00bbh1&Prime; text_size=\u00a0\u00bbfontsize-374651&Prime; text_transform=\u00a0\u00bbuppercase\u00a0\u00bb css_animation=\u00a0\u00bbtop-t-bottom\u00a0\u00bb animation_delay=\u00a0\u00bb200&Prime; uncode_shortcode_id=\u00a0\u00bb855092&Prime;]Espace sant\u00e9 famille[\/vc_custom_heading][\/vc_column_inner][\/vc_row_inner][vc_row_inner row_inner_height_percent=\u00a0\u00bb0&Prime; overlay_alpha=\u00a0\u00bb50&Prime; gutter_size=\u00a0\u00bb3&Prime; shift_y=\u00a0\u00bb0&Prime; z_index=\u00a0\u00bb0&Prime; limit_content=\u00a0\u00bb\u00a0\u00bb][vc_column_inner column_width_use_pixel=\u00a0\u00bbyes\u00a0\u00bb position_vertical=\u00a0\u00bbmiddle\u00a0\u00bb align_horizontal=\u00a0\u00bbalign_center\u00a0\u00bb gutter_size=\u00a0\u00bb3&Prime; style=\u00a0\u00bbdark\u00a0\u00bb overlay_alpha=\u00a0\u00bb50&Prime; shift_x=\u00a0\u00bb0&Prime; shift_y=\u00a0\u00bb0&Prime; shift_y_down=\u00a0\u00bb0&Prime; z_index=\u00a0\u00bb0&Prime; medium_width=\u00a0\u00bb0&Prime; mobile_width=\u00a0\u00bb0&Prime; width=\u00a0\u00bb1\/1&Prime; column_width_pixel=\u00a0\u00bb740&Prime;][vc_column_text text_lead=\u00a0\u00bbyes\u00a0\u00bb css_animation=\u00a0\u00bbbottom-t-top\u00a0\u00bb animation_delay=\u00a0\u00bb600&Prime; uncode_shortcode_id=\u00a0\u00bb180832&Prime;]UN ESPACE ATTENTIF D\u00c9DI\u00c9 AUX BESOINS SP\u00c9CIFIQUES DE TOUTES LES CULTURES[\/vc_column_text][vc_button outline=\u00a0\u00bbyes\u00a0\u00bb border_width=\u00a0\u00bb0&Prime; css_animation=\u00a0\u00bbbottom-t-top\u00a0\u00bb animation_delay=\u00a0\u00bb800&Prime; link=\u00a0\u00bburl:https%3A%2F%2Fbook.timify.com%2Fnot-found%3FaccountId%3D5ea1627d759dde6c545d94a8%26locale%3Dfr-fr%2522|title:Tiemfy|target:_blank\u00a0\u00bb uncode_shortcode_id=\u00a0\u00bb204318&Prime;]R\u00c9SERVEZ EN LIGNE[\/vc_button][\/vc_column_inner][\/vc_row_inner][\/vc_column][\/vc_row][vc_row row_height_percent=\u00a0\u00bb0&Prime; override_padding=\u00a0\u00bbyes\u00a0\u00bb h_padding=\u00a0\u00bb2&Prime; top_padding=\u00a0\u00bb3&Prime; bottom_padding=\u00a0\u00bb2&Prime; overlay_alpha=\u00a0\u00bb50&Prime; gutter_size=\u00a0\u00bb3&Prime; column_width_percent=\u00a0\u00bb100&Prime; shift_y=\u00a0\u00bb0&Prime; z_index=\u00a0\u00bb0&Prime; uncode_shortcode_id=\u00a0\u00bb197041&Prime;][vc_column column_width_percent=\u00a0\u00bb100&Prime; position_vertical=\u00a0\u00bbmiddle\u00a0\u00bb align_horizontal=\u00a0\u00bbalign_center\u00a0\u00bb gutter_size=\u00a0\u00bb3&Prime; overlay_alpha=\u00a0\u00bb50&Prime; shift_x=\u00a0\u00bb0&Prime; shift_y=\u00a0\u00bb0&Prime; shift_y_down=\u00a0\u00bb0&Prime; z_index=\u00a0\u00bb0&Prime; medium_width=\u00a0\u00bb0&Prime; mobile_width=\u00a0\u00bb0&Prime; width=\u00a0\u00bb1\/1&Prime; uncode_shortcode_id=\u00a0\u00bb728824&Prime;][vc_custom_heading text_color=\u00a0\u00bbcolor-jevc\u00a0\u00bb text_weight=\u00a0\u00bb700&Prime; text_transform=\u00a0\u00bbuppercase\u00a0\u00bb uncode_shortcode_id=\u00a0\u00bb723508&Prime; text_color_type=\u00a0\u00bbuncode-palette\u00a0\u00bb]Nos diff\u00e9rents axes[\/vc_custom_heading][vc_gallery el_id=\u00a0\u00bbgallery-735892&Prime; medias=\u00a0\u00bb118481,118480,118479&Prime; gutter_size=\u00a0\u00bb2&Prime; media_items=\u00a0\u00bbmedia|custom_link|original,icon,description\u00a0\u00bb screen_lg=\u00a0\u00bb1000&Prime; screen_md=\u00a0\u00bb600&Prime; screen_sm=\u00a0\u00bb480&Prime; single_overlay_opacity=\u00a0\u00bb51&Prime; single_h_align=\u00a0\u00bbcenter\u00a0\u00bb single_padding=\u00a0\u00bb2&Prime; single_text_lead=\u00a0\u00bbyes\u00a0\u00bb single_border=\u00a0\u00bbyes\u00a0\u00bb uncode_shortcode_id=\u00a0\u00bb357115&Prime; items=\u00a0\u00bbeyIxMTgzODFfaSI6eyJzaW5nbGVfbGluayI6InVybDpodHRwcyUzQSUyRiUyRmVzcGFjZXNhbnRlZmFtaWxsZS5jb20lMkZpbmRleC5waHAlMkZwcmV2ZW50aW9uJTJGfHRpdGxlOlByZXZlbnRpb258dGFyZ2V0Ol9ibGFuayJ9LCIxMTgzODJfaSI6eyJzaW5nbGVfbGluayI6InVybDpodHRwcyUzQSUyRiUyRmVzcGFjZXNhbnRlZmFtaWxsZS5jb20lMkZpbmRleC5waHAlMkZyZW5jb250cmUlMkZ8dGl0bGU6UmVzZWF1fHRhcmdldDpfYmxhbmsifSwiMTE4MzgzX2kiOnsic2luZ2xlX2xpbmsiOiJ1cmw6aHR0cHMlM0ElMkYlMkZlc3BhY2VzYW50ZWZhbWlsbGUuY29tJTJGaW5kZXgucGhwJTJGcmVzZWF1JTJGfHRpdGxlOlJlbmNvbnRyZXx0YXJnZXQ6X2JsYW5rIn0sIjExODQwNl9pIjp7InNpbmdsZV9saW5rIjoidXJsOmh0dHBzJTNBJTJGJTJGZXNwYWNlc2FudGVmYW1pbGxlLmNvbSUyRmluZGV4LnBocCUyRnByZXZlbnRpb24lMkZ8dGl0bGU6UHJldmVudGlvbnx0YXJnZXQ6X2JsYW5rIn0sIjExODQwN19pIjp7InNpbmdsZV9saW5rIjoidXJsOmh0dHBzJTNBJTJGJTJGZXNwYWNlc2FudGVmYW1pbGxlLmNvbSUyRmluZGV4LnBocCUyRnJlbmNvbnRyZSUyRnx0aXRsZTpSZW5jb250cmV8dGFyZ2V0Ol9ibGFuayJ9LCIxMTg0MDhfaSI6eyJzaW5nbGVfbGluayI6InVybDpodHRwcyUzQSUyRiUyRmVzcGFjZXNhbnRlZmFtaWxsZS5jb20lMkZpbmRleC5waHAlMkZyZXNlYXUlMkZ8dGl0bGU6UmVzZWF1fHRhcmdldDpfYmxhbmsifSwiMTE4NDgxX2kiOnsic2luZ2xlX2xpbmsiOiJ1cmw6aHR0cHMlM0ElMkYlMkZlc3BhY2VzYW50ZWZhbWlsbGUuY29tJTJGaW5kZXgucGhwJTJGcHJldmVudGlvbiUyRnx0aXRsZTpQcmV2ZW50aW9ufHRhcmdldDpfYmxhbmsifSwiMTE4NDgwX2kiOnsic2luZ2xlX2xpbmsiOiJ1cmw6aHR0cHMlM0ElMkYlMkZlc3BhY2VzYW50ZWZhbWlsbGUuY29tJTJGaW5kZXgucGhwJTJGcmVuY29udHJlJTJGfHRpdGxlOlJlbmNvbnRyZXx0YXJnZXQ6X2JsYW5rIn0sIjExODQ3OV9pIjp7InNpbmdsZV9saW5rIjoidXJsOmh0dHBzJTNBJTJGJTJGZXNwYWNlc2FudGVmYW1pbGxlLmNvbSUyRmluZGV4LnBocCUyRnJlc2VhdSUyRnx0aXRsZTpSZXNlYXV8dGFyZ2V0Ol9ibGFuayJ9fQ==\u00a0\u00bb][\/vc_column][\/vc_row][vc_row row_height_percent=\u00a0\u00bb0&Prime; override_padding=\u00a0\u00bbyes\u00a0\u00bb h_padding=\u00a0\u00bb2&Prime; top_padding=\u00a0\u00bb2&Prime; bottom_padding=\u00a0\u00bb2&Prime; back_color=\u00a0\u00bbcolor-xsdn\u00a0\u00bb overlay_alpha=\u00a0\u00bb50&Prime; gutter_size=\u00a0\u00bb3&Prime; column_width_percent=\u00a0\u00bb100&Prime; shift_y=\u00a0\u00bb0&Prime; z_index=\u00a0\u00bb0&Prime; uncode_shortcode_id=\u00a0\u00bb480297&Prime; back_color_type=\u00a0\u00bbuncode-palette\u00a0\u00bb][vc_column column_width_percent=\u00a0\u00bb100&Prime; position_vertical=\u00a0\u00bbmiddle\u00a0\u00bb align_horizontal=\u00a0\u00bbalign_center\u00a0\u00bb gutter_size=\u00a0\u00bb3&Prime; overlay_alpha=\u00a0\u00bb50&Prime; shift_x=\u00a0\u00bb0&Prime; shift_y=\u00a0\u00bb0&Prime; shift_y_down=\u00a0\u00bb0&Prime; z_index=\u00a0\u00bb0&Prime; medium_width=\u00a0\u00bb0&Prime; mobile_width=\u00a0\u00bb0&Prime; width=\u00a0\u00bb1\/1&Prime; uncode_shortcode_id=\u00a0\u00bb877479&Prime;][vc_custom_heading text_color=\u00a0\u00bbcolor-jevc\u00a0\u00bb text_weight=\u00a0\u00bb700&Prime; text_transform=\u00a0\u00bbuppercase\u00a0\u00bb uncode_shortcode_id=\u00a0\u00bb749022&Prime; text_color_type=\u00a0\u00bbuncode-palette\u00a0\u00bb]<\/p>\n<h3 data-start=\"128\" data-end=\"185\">\ud83c\udfe5 Un centre sp\u00e9cialis\u00e9 d\u00e9di\u00e9 aux besoins de chacun<\/h3>\n<p>[\/vc_custom_heading][vc_column_text text_lead=\u00a0\u00bbyes\u00a0\u00bb text_color=\u00a0\u00bbcolor-jevc\u00a0\u00bb uncode_shortcode_id=\u00a0\u00bb152405&Prime; text_color_type=\u00a0\u00bbuncode-palette\u00a0\u00bb]<\/p>\n<p style=\"text-align: left;\" data-start=\"186\" data-end=\"589\"><strong data-start=\"186\" data-end=\"212\">L\u2019Espace Sant\u00e9 Famille<\/strong> est un lieu de <strong data-start=\"228\" data-end=\"307\">pr\u00e9vention, de rencontre, d\u2019orientation et de prise en charge th\u00e9rapeutique<\/strong>, r\u00e9unissant des praticiens engag\u00e9s dans l\u2019accompagnement global des familles.<br data-start=\"385\" data-end=\"388\">Ancr\u00e9 au c\u0153ur de la <strong data-start=\"408\" data-end=\"433\">diversit\u00e9 bruxelloise<\/strong>, le centre refl\u00e8te la <strong data-start=\"456\" data-end=\"495\">richesse culturelle et linguistique<\/strong> de la soci\u00e9t\u00e9, favorisant une approche inclusive et respectueuse de chaque parcours de vie.<\/p>\n<p style=\"text-align: left;\" data-start=\"591\" data-end=\"757\">Cr\u00e9\u00e9 dans une volont\u00e9 de <strong data-start=\"616\" data-end=\"662\">r\u00e9pondre aux besoins sp\u00e9cifiques de chacun<\/strong>, l\u2019Espace Sant\u00e9 Famille s\u2019articule autour de <strong data-start=\"708\" data-end=\"753\">trois axes d\u2019intervention compl\u00e9mentaires<\/strong> :<\/p>\n<p style=\"text-align: left;\" data-start=\"760\" data-end=\"780\">la <strong data-start=\"763\" data-end=\"777\">Pr\u00e9vention<\/strong>,<br \/>\nla <strong data-start=\"786\" data-end=\"799\">Rencontre<\/strong>,<br \/>\nle <strong data-start=\"811\" data-end=\"847\">R\u00e9seau professionnel et familial<\/strong>.<\/p>\n<p style=\"text-align: left;\" data-start=\"852\" data-end=\"970\">Ces trois dimensions se rejoignent pour offrir un accompagnement complet, bienveillant et adapt\u00e9 \u00e0 chaque situation.<\/p>\n<p>[\/vc_column_text][vc_empty_space empty_h=\u00a0\u00bb2&Prime;][vc_button button_color=\u00a0\u00bbcolor-jevc\u00a0\u00bb hover_fx=\u00a0\u00bboutlined\u00a0\u00bb outline=\u00a0\u00bbyes\u00a0\u00bb border_width=\u00a0\u00bb0&Prime; display=\u00a0\u00bbinline\u00a0\u00bb link=\u00a0\u00bburl:tel%3A%2F%2F%2B32024271999&Prime; button_color_type=\u00a0\u00bbuncode-palette\u00a0\u00bb uncode_shortcode_id=\u00a0\u00bb401193&Prime;]Appelez nous[\/vc_button][\/vc_column][\/vc_row][vc_row row_height_percent=\u00a0\u00bb85&Prime; override_padding=\u00a0\u00bbyes\u00a0\u00bb h_padding=\u00a0\u00bb2&Prime; top_padding=\u00a0\u00bb5&Prime; bottom_padding=\u00a0\u00bb5&Prime; back_image=\u00a0\u00bb118240&Prime; back_position=\u00a0\u00bbcenter center\u00a0\u00bb overlay_color=\u00a0\u00bbcolor-rgdb\u00a0\u00bb overlay_alpha=\u00a0\u00bb0&Prime; gutter_size=\u00a0\u00bb3&Prime; column_width_percent=\u00a0\u00bb100&Prime; shift_y=\u00a0\u00bb0&Prime; z_index=\u00a0\u00bb0&Prime; top_divider=\u00a0\u00bbgradient\u00a0\u00bb uncode_shortcode_id=\u00a0\u00bb313715&Prime; overlay_color_type=\u00a0\u00bbuncode-palette\u00a0\u00bb][vc_column column_width_percent=\u00a0\u00bb100&Prime; position_vertical=\u00a0\u00bbmiddle\u00a0\u00bb gutter_size=\u00a0\u00bb2&Prime; style=\u00a0\u00bbdark\u00a0\u00bb overlay_alpha=\u00a0\u00bb50&Prime; shift_x=\u00a0\u00bb0&Prime; shift_y=\u00a0\u00bb0&Prime; shift_y_down=\u00a0\u00bb0&Prime; z_index=\u00a0\u00bb0&Prime; medium_width=\u00a0\u00bb0&Prime; mobile_width=\u00a0\u00bb0&Prime; width=\u00a0\u00bb1\/1&Prime;][\/vc_column][\/vc_row][vc_row row_height_percent=\u00a0\u00bb0&Prime; override_padding=\u00a0\u00bbyes\u00a0\u00bb h_padding=\u00a0\u00bb2&Prime; top_padding=\u00a0\u00bb3&Prime; bottom_padding=\u00a0\u00bb0&Prime; back_color=\u00a0\u00bbcolor-xsdn\u00a0\u00bb overlay_alpha=\u00a0\u00bb50&Prime; gutter_size=\u00a0\u00bb3&Prime; column_width_percent=\u00a0\u00bb100&Prime; shift_y=\u00a0\u00bb0&Prime; z_index=\u00a0\u00bb0&Prime; uncode_shortcode_id=\u00a0\u00bb573839&Prime; back_color_type=\u00a0\u00bbuncode-palette\u00a0\u00bb][vc_column column_width_percent=\u00a0\u00bb100&Prime; position_vertical=\u00a0\u00bbmiddle\u00a0\u00bb align_horizontal=\u00a0\u00bbalign_center\u00a0\u00bb gutter_size=\u00a0\u00bb3&Prime; overlay_alpha=\u00a0\u00bb50&Prime; shift_x=\u00a0\u00bb0&Prime; shift_y=\u00a0\u00bb0&Prime; shift_y_down=\u00a0\u00bb0&Prime; z_index=\u00a0\u00bb0&Prime; medium_width=\u00a0\u00bb0&Prime; mobile_width=\u00a0\u00bb0&Prime; width=\u00a0\u00bb1\/1&Prime; uncode_shortcode_id=\u00a0\u00bb109101&Prime;][vc_gallery el_id=\u00a0\u00bbgallery-734980&Prime; type=\u00a0\u00bbcarousel\u00a0\u00bb medias=\u00a0\u00bb118229,118232,118233,118234,118235,118231,118527,118528,118681&Prime; carousel_lg=\u00a0\u00bb5&Prime; carousel_md=\u00a0\u00bb3&Prime; carousel_sm=\u00a0\u00bb1&Prime; gutter_size=\u00a0\u00bb3&Prime; carousel_interval=\u00a0\u00bb3000&Prime; carousel_navspeed=\u00a0\u00bb400&Prime; carousel_loop=\u00a0\u00bbyes\u00a0\u00bb stage_padding=\u00a0\u00bb0&Prime; single_overlay_opacity=\u00a0\u00bb50&Prime; single_overlay_anim=\u00a0\u00bbno\u00a0\u00bb single_padding=\u00a0\u00bb2&Prime; single_border=\u00a0\u00bbyes\u00a0\u00bb uncode_shortcode_id=\u00a0\u00bb194380&Prime;][\/vc_column][\/vc_row][vc_row row_height_percent=\u00a0\u00bb0&Prime; override_padding=\u00a0\u00bbyes\u00a0\u00bb h_padding=\u00a0\u00bb2&Prime; top_padding=\u00a0\u00bb0&Prime; bottom_padding=\u00a0\u00bb4&Prime; back_color=\u00a0\u00bbcolor-xsdn\u00a0\u00bb overlay_alpha=\u00a0\u00bb50&Prime; gutter_size=\u00a0\u00bb3&Prime; column_width_percent=\u00a0\u00bb100&Prime; shift_y=\u00a0\u00bb0&Prime; z_index=\u00a0\u00bb0&Prime; uncode_shortcode_id=\u00a0\u00bb197144&Prime; back_color_type=\u00a0\u00bbuncode-palette\u00a0\u00bb][vc_column column_width_percent=\u00a0\u00bb100&Prime; position_vertical=\u00a0\u00bbmiddle\u00a0\u00bb align_horizontal=\u00a0\u00bbalign_center\u00a0\u00bb gutter_size=\u00a0\u00bb3&Prime; overlay_alpha=\u00a0\u00bb50&Prime; shift_x=\u00a0\u00bb0&Prime; shift_y=\u00a0\u00bb0&Prime; shift_y_down=\u00a0\u00bb0&Prime; z_index=\u00a0\u00bb0&Prime; medium_width=\u00a0\u00bb0&Prime; mobile_width=\u00a0\u00bb0&Prime; width=\u00a0\u00bb1\/1&Prime; uncode_shortcode_id=\u00a0\u00bb166070&Prime;][vc_column_text text_lead=\u00a0\u00bbyes\u00a0\u00bb text_color=\u00a0\u00bbcolor-jevc\u00a0\u00bb uncode_shortcode_id=\u00a0\u00bb469085&Prime; text_color_type=\u00a0\u00bbuncode-palette\u00a0\u00bb]<\/p>\n<h3 style=\"text-align: left;\" data-start=\"141\" data-end=\"203\">\ud83c\udf3f &nbsp;<strong data-start=\"204\" data-end=\"255\">Sant\u00e9 et bien-\u00eatre de l\u2019enfant et de la famille<\/strong><\/h3>\n<hr data-start=\"257\" data-end=\"260\">\n<h4 style=\"text-align: left;\" data-start=\"262\" data-end=\"291\"><strong data-start=\"267\" data-end=\"289\">Axe 1 : Pr\u00e9vention<\/strong><\/h4>\n<p style=\"text-align: left;\" data-start=\"292\" data-end=\"453\">Nous proposons un accompagnement global autour de la sant\u00e9 mentale, du d\u00e9veloppement et du bien-\u00eatre familial, gr\u00e2ce \u00e0 une \u00e9quipe de professionnels qualifi\u00e9s :<\/p>\n<ul style=\"text-align: left;\" data-start=\"455\" data-end=\"1380\">\n<li data-start=\"455\" data-end=\"620\">\n<p data-start=\"457\" data-end=\"620\"><strong data-start=\"457\" data-end=\"513\">Consultations psychologiques et psychoth\u00e9rapeutiques<\/strong> en plusieurs langues, dispens\u00e9es par des psychologues cliniciens dans le cadre de la convention INAMI de soins psychologiques de premi\u00e8re ligne.<\/p>\n<\/li>\n<li data-start=\"621\" data-end=\"841\">\n<p data-start=\"623\" data-end=\"657\">Consultations disponibles pour :<\/p>\n<ul data-start=\"660\" data-end=\"841\">\n<li data-start=\"660\" data-end=\"734\">\n<p data-start=\"662\" data-end=\"734\">Les usagers du r\u00e9seau <strong data-start=\"684\" data-end=\"695\">FEDASIL<\/strong>, <strong data-start=\"697\" data-end=\"712\">Croix-Rouge<\/strong> et <strong data-start=\"716\" data-end=\"731\">SAMU Social<\/strong>.<\/p>\n<\/li>\n<li data-start=\"737\" data-end=\"798\">\n<p data-start=\"739\" data-end=\"798\">Les b\u00e9n\u00e9ficiaires du <strong data-start=\"760\" data-end=\"775\">CPAS \/ OCMW<\/strong> (avec r\u00e9quisitoire).<\/p>\n<\/li>\n<li data-start=\"801\" data-end=\"841\">\n<p data-start=\"803\" data-end=\"841\">Les <strong data-start=\"807\" data-end=\"838\">personnes de plus de 60 ans<\/strong>.<\/p>\n<\/li>\n<\/ul>\n<\/li>\n<li data-start=\"842\" data-end=\"907\">\n<p data-start=\"844\" data-end=\"907\"><strong data-start=\"844\" data-end=\"871\">R\u00e9\u00e9ducation logop\u00e9dique<\/strong> adapt\u00e9e \u00e0 l\u2019enfant et \u00e0 l\u2019adulte.<\/p>\n<\/li>\n<li data-start=\"908\" data-end=\"986\">\n<p data-start=\"910\" data-end=\"986\"><strong data-start=\"910\" data-end=\"949\">Accompagnement psycho-m\u00e9dico-social<\/strong> des familles dans leurs d\u00e9marches.<\/p>\n<\/li>\n<li data-start=\"987\" data-end=\"1070\">\n<p data-start=\"989\" data-end=\"1070\"><strong data-start=\"989\" data-end=\"1029\">Modules d\u2019\u00e9ducation \u00e0 la parentalit\u00e9<\/strong>, anim\u00e9s par des professionnels agr\u00e9\u00e9s.<\/p>\n<\/li>\n<li data-start=\"1071\" data-end=\"1208\">\n<p data-start=\"1073\" data-end=\"1208\"><strong data-start=\"1073\" data-end=\"1125\">Groupes de parole et ateliers de sensibilisation<\/strong> autour du bien-\u00eatre : hippoth\u00e9rapie, massage b\u00e9b\u00e9, d\u00e9veloppement personnel, etc.<\/p>\n<\/li>\n<li data-start=\"1209\" data-end=\"1256\">\n<p data-start=\"1211\" data-end=\"1256\"><strong data-start=\"1211\" data-end=\"1254\">M\u00e9diation familiale et interculturelle.<\/strong><\/p>\n<\/li>\n<li data-start=\"1257\" data-end=\"1380\">\n<p data-start=\"1259\" data-end=\"1380\"><strong data-start=\"1259\" data-end=\"1291\">Interventions psychologiques<\/strong> dans des espaces de proximit\u00e9 (maisons m\u00e9dicales, associations, maisons de quartier\u2026).<\/p>\n<\/li>\n<\/ul>\n<hr data-start=\"1382\" data-end=\"1385\">\n<h4 style=\"text-align: left;\" data-start=\"1387\" data-end=\"1415\"><strong data-start=\"1392\" data-end=\"1413\">Axe 2 : Rencontre<\/strong><\/h4>\n<p style=\"text-align: left;\" data-start=\"1416\" data-end=\"1501\">Favoriser le lien social et affectif \u00e0 travers des espaces d\u2019\u00e9change et de partage.<\/p>\n<ul style=\"text-align: left;\" data-start=\"1503\" data-end=\"1850\">\n<li data-start=\"1503\" data-end=\"1635\">\n<p data-start=\"1505\" data-end=\"1635\"><strong data-start=\"1505\" data-end=\"1542\">Groupes de rencontre et d\u2019\u00e9change<\/strong> pour renforcer les liens familiaux et lutter contre l\u2019isolement ou l\u2019attachement pr\u00e9caire.<\/p>\n<\/li>\n<li data-start=\"1636\" data-end=\"1735\">\n<p data-start=\"1638\" data-end=\"1735\"><strong data-start=\"1638\" data-end=\"1678\">Espaces d\u00e9di\u00e9s au lien parent-enfant<\/strong> : salle de psychomotricit\u00e9, coin change, aire de jeux.<\/p>\n<\/li>\n<li data-start=\"1736\" data-end=\"1850\">\n<p data-start=\"1738\" data-end=\"1850\"><strong data-start=\"1738\" data-end=\"1782\">Encadrement des rencontres parent-enfant<\/strong>, sur mandat ou base volontaire, par un professionnel de la sant\u00e9.<\/p>\n<\/li>\n<\/ul>\n<hr data-start=\"1852\" data-end=\"1855\">\n<h4 style=\"text-align: left;\" data-start=\"1857\" data-end=\"1882\"><strong data-start=\"1862\" data-end=\"1880\">Axe 3 : R\u00e9seau<\/strong><\/h4>\n<p style=\"text-align: left;\" data-start=\"1883\" data-end=\"1979\">Cr\u00e9er un r\u00e9seau solidaire et interdisciplinaire au service des professionnels et des familles.<\/p>\n<ul data-start=\"1981\" data-end=\"2482\">\n<li style=\"text-align: left;\" data-start=\"1981\" data-end=\"2082\">\n<p data-start=\"1983\" data-end=\"2082\"><strong data-start=\"1983\" data-end=\"2013\">Supervisions bi-mensuelles<\/strong>, temps d\u2019\u00e9change et de r\u00e9flexion entre professionnels de la sant\u00e9.<\/p>\n<\/li>\n<li style=\"text-align: left;\" data-start=\"2083\" data-end=\"2153\">\n<p data-start=\"2085\" data-end=\"2153\"><strong data-start=\"2085\" data-end=\"2099\">Formations<\/strong> destin\u00e9es aux professionnels et\/ou au grand public.<\/p>\n<\/li>\n<li style=\"text-align: left;\" data-start=\"2154\" data-end=\"2271\">\n<p data-start=\"2156\" data-end=\"2271\"><strong data-start=\"2156\" data-end=\"2206\">Base de donn\u00e9es de professionnels multilingues<\/strong>, exp\u00e9riment\u00e9s dans l\u2019accompagnement d\u2019un public multiculturel.<\/p>\n<\/li>\n<li style=\"text-align: left;\" data-start=\"2272\" data-end=\"2362\">\n<p data-start=\"2274\" data-end=\"2362\"><strong data-start=\"2274\" data-end=\"2292\">Locaux adapt\u00e9s<\/strong> \u00e0 la prise en charge des familles mis \u00e0 disposition des praticiens.<\/p>\n<\/li>\n<li data-start=\"2363\" data-end=\"2482\">\n<p style=\"text-align: left;\" data-start=\"2365\" data-end=\"2482\"><strong data-start=\"2365\" data-end=\"2394\">Biblioth\u00e8que scientifique<\/strong> et <strong data-start=\"2398\" data-end=\"2413\">testoth\u00e8que<\/strong> (outils d\u2019\u00e9valuation, tests psychologiques, mat\u00e9riel param\u00e9dical).<\/p>\n<\/li>\n<\/ul>\n<p>[\/vc_column_text][\/vc_column][\/vc_row][vc_row unlock_row_content=\u00a0\u00bbyes\u00a0\u00bb row_height_percent=\u00a0\u00bb0&Prime; override_padding=\u00a0\u00bbyes\u00a0\u00bb h_padding=\u00a0\u00bb2&Prime; top_padding=\u00a0\u00bb0&Prime; bottom_padding=\u00a0\u00bb0&Prime; overlay_alpha=\u00a0\u00bb50&Prime; gutter_size=\u00a0\u00bb3&Prime; column_width_percent=\u00a0\u00bb100&Prime; shift_y=\u00a0\u00bb0&Prime; z_index=\u00a0\u00bb0&Prime; uncode_shortcode_id=\u00a0\u00bb145320&Prime;][vc_column width=\u00a0\u00bb1\/1&Prime;][vc_separator sep_color=\u00a0\u00bb\u00a0\u00bb uncode_shortcode_id=\u00a0\u00bb169567&Prime;][\/vc_column][\/vc_row]<\/p>\n<\/div>","protected":false},"excerpt":{"rendered":"<p>[vc_row row_height_percent=\u00a0\u00bb100&Prime; back_image=\u00a0\u00bb118342&Prime; overlay_color=\u00a0\u00bbcolor-jevc\u00a0\u00bb overlay_alpha=\u00a0\u00bb21&Prime; equal_height=\u00a0\u00bbyes\u00a0\u00bb gutter_size=\u00a0\u00bb0&Prime; column_width_use_pixel=\u00a0\u00bbyes\u00a0\u00bb shift_y=\u00a0\u00bb0&Prime; z_index=\u00a0\u00bb0&Prime; row_name=\u00a0\u00bbWelcome\u00a0\u00bb uncode_shortcode_id=\u00a0\u00bb121723&Prime; overlay_color_type=\u00a0\u00bbuncode-palette\u00a0\u00bb][vc_column column_width_use_pixel=\u00a0\u00bbyes\u00a0\u00bb position_vertical=\u00a0\u00bbmiddle\u00a0\u00bb align_horizontal=\u00a0\u00bbalign_center\u00a0\u00bb gutter_size=\u00a0\u00bb3&Prime; style=\u00a0\u00bbdark\u00a0\u00bb overlay_alpha=\u00a0\u00bb50&Prime; shift_x=\u00a0\u00bb0&Prime; [&hellip;]<\/p>\n","protected":false},"author":1,"featured_media":0,"parent":0,"menu_order":0,"comment_status":"closed","ping_status":"closed","template":"","meta":{"footnotes":""},"class_list":["post-118141","page","type-page","status-publish","hentry"],"_links":{"self":[{"href":"https:\/\/espacesantefamille.be\/index.php\/wp-json\/wp\/v2\/pages\/118141","targetHints":{"allow":["GET"]}}],"collection":[{"href":"https:\/\/espacesantefamille.be\/index.php\/wp-json\/wp\/v2\/pages"}],"about":[{"href":"https:\/\/espacesantefamille.be\/index.php\/wp-json\/wp\/v2\/types\/page"}],"author":[{"embeddable":true,"href":"https:\/\/espacesantefamille.be\/index.php\/wp-json\/wp\/v2\/users\/1"}],"replies":[{"embeddable":true,"href":"https:\/\/espacesantefamille.be\/index.php\/wp-json\/wp\/v2\/comments?post=118141"}],"version-history":[{"count":74,"href":"https:\/\/espacesantefamille.be\/index.php\/wp-json\/wp\/v2\/pages\/118141\/revisions"}],"predecessor-version":[{"id":118961,"href":"https:\/\/espacesantefamille.be\/index.php\/wp-json\/wp\/v2\/pages\/118141\/revisions\/118961"}],"wp:attachment":[{"href":"https:\/\/espacesantefamille.be\/index.php\/wp-json\/wp\/v2\/media?parent=118141"}],"curies":[{"name":"wp","href":"https:\/\/api.w.org\/{rel}","templated":true}]}}