{"id":118208,"date":"2023-08-22T10:53:07","date_gmt":"2023-08-22T08:53:07","guid":{"rendered":"https:\/\/espacesantefamille.be\/?page_id=118208"},"modified":"2025-11-06T15:30:14","modified_gmt":"2025-11-06T14:30:14","slug":"lequipe","status":"publish","type":"page","link":"https:\/\/espacesantefamille.be\/index.php\/lequipe\/","title":{"rendered":"L&rsquo;\u00e9quipe"},"content":{"rendered":"<div class=\"wpb-content-wrapper\"><p>[vc_row row_height_percent=\u00a0\u00bb85&Prime; override_padding=\u00a0\u00bbyes\u00a0\u00bb h_padding=\u00a0\u00bb2&Prime; top_padding=\u00a0\u00bb5&Prime; bottom_padding=\u00a0\u00bb5&Prime; back_image=\u00a0\u00bb118257&Prime; back_position=\u00a0\u00bbcenter center\u00a0\u00bb overlay_color=\u00a0\u00bbcolor-rgdb\u00a0\u00bb overlay_alpha=\u00a0\u00bb0&Prime; gutter_size=\u00a0\u00bb3&Prime; column_width_percent=\u00a0\u00bb100&Prime; shift_y=\u00a0\u00bb0&Prime; z_index=\u00a0\u00bb0&Prime; top_divider=\u00a0\u00bbgradient\u00a0\u00bb uncode_shortcode_id=\u00a0\u00bb151214&Prime; overlay_color_type=\u00a0\u00bbuncode-palette\u00a0\u00bb][vc_column column_width_percent=\u00a0\u00bb100&Prime; position_vertical=\u00a0\u00bbmiddle\u00a0\u00bb gutter_size=\u00a0\u00bb2&Prime; style=\u00a0\u00bbdark\u00a0\u00bb overlay_alpha=\u00a0\u00bb50&Prime; shift_x=\u00a0\u00bb0&Prime; shift_y=\u00a0\u00bb0&Prime; shift_y_down=\u00a0\u00bb0&Prime; z_index=\u00a0\u00bb0&Prime; medium_width=\u00a0\u00bb0&Prime; mobile_width=\u00a0\u00bb0&Prime; width=\u00a0\u00bb1\/1&Prime;][\/vc_column][\/vc_row][vc_row row_height_percent=\u00a0\u00bb0&Prime; override_padding=\u00a0\u00bbyes\u00a0\u00bb h_padding=\u00a0\u00bb2&Prime; top_padding=\u00a0\u00bb4&Prime; bottom_padding=\u00a0\u00bb4&Prime; back_color=\u00a0\u00bbcolor-xsdn\u00a0\u00bb overlay_alpha=\u00a0\u00bb50&Prime; gutter_size=\u00a0\u00bb3&Prime; column_width_percent=\u00a0\u00bb100&Prime; shift_y=\u00a0\u00bb0&Prime; z_index=\u00a0\u00bb0&Prime; uncode_shortcode_id=\u00a0\u00bb114357&Prime; back_color_type=\u00a0\u00bbuncode-palette\u00a0\u00bb][vc_column column_width_percent=\u00a0\u00bb100&Prime; position_vertical=\u00a0\u00bbmiddle\u00a0\u00bb align_horizontal=\u00a0\u00bbalign_center\u00a0\u00bb gutter_size=\u00a0\u00bb3&Prime; overlay_alpha=\u00a0\u00bb50&Prime; shift_x=\u00a0\u00bb0&Prime; shift_y=\u00a0\u00bb0&Prime; shift_y_down=\u00a0\u00bb0&Prime; z_index=\u00a0\u00bb0&Prime; medium_width=\u00a0\u00bb0&Prime; mobile_width=\u00a0\u00bb0&Prime; width=\u00a0\u00bb1\/1&Prime; uncode_shortcode_id=\u00a0\u00bb174658&Prime;][vc_custom_heading text_color=\u00a0\u00bbcolor-jevc\u00a0\u00bb text_weight=\u00a0\u00bb700&Prime; text_transform=\u00a0\u00bbuppercase\u00a0\u00bb uncode_shortcode_id=\u00a0\u00bb150938&Prime; text_color_type=\u00a0\u00bbuncode-palette\u00a0\u00bb]<\/p>\n<h3 style=\"text-align: left;\" data-start=\"106\" data-end=\"159\"><b><span style=\"color: #cdd803;\">|<\/span>\u00a0<\/b>\ud83d\udc65 Une \u00e9quipe pluridisciplinaire \u00e0 votre \u00e9coute<span style=\"color: #cdd803;\">.<\/span><\/h3>\n<p>[\/vc_custom_heading][vc_column_text text_color=\u00a0\u00bbcolor-jevc\u00a0\u00bb uncode_shortcode_id=\u00a0\u00bb972378&Prime; text_color_type=\u00a0\u00bbuncode-palette\u00a0\u00bb]<\/p>\n<p style=\"text-align: left;\" data-start=\"160\" data-end=\"534\">Notre \u00e9quipe est compos\u00e9e d\u2019<strong data-start=\"188\" data-end=\"283\">assistants sociaux, de logop\u00e8des, de psychologues, de psychiatres et de personnel d\u2019accueil<\/strong> engag\u00e9s \u00e0 offrir un <strong data-start=\"304\" data-end=\"352\">espace d\u2019\u00e9coute bienveillant et confidentiel<\/strong>.<br data-start=\"353\" data-end=\"356\" \/>Chaque professionnel prend en compte les <strong data-start=\"397\" data-end=\"468\">dimensions sociales, psychologiques, culturelles et administratives<\/strong> de votre situation afin de vous accompagner de mani\u00e8re globale.<\/p>\n<p style=\"text-align: left;\" data-start=\"536\" data-end=\"737\">Lorsqu\u2019une demande est introduite aupr\u00e8s de notre <strong data-start=\"586\" data-end=\"614\">service de sant\u00e9 mentale<\/strong>, elle est <strong data-start=\"625\" data-end=\"652\">analys\u00e9e collectivement<\/strong> par l\u2019\u00e9quipe. Selon la nature de votre demande et les disponibilit\u00e9s, vous serez :<\/p>\n<ul style=\"text-align: left;\" data-start=\"738\" data-end=\"882\">\n<li data-start=\"738\" data-end=\"803\">\n<p data-start=\"740\" data-end=\"803\">soit accueilli pour une <strong data-start=\"759\" data-end=\"797\">consultation adapt\u00e9e \u00e0 vos besoins.<\/strong><\/p>\n<\/li>\n<li data-start=\"804\" data-end=\"882\">\n<p data-start=\"806\" data-end=\"882\">soit orient\u00e9 <strong data-start=\"806\" data-end=\"849\">vers un professionnel comp\u00e9tent<\/strong> pour un suivi plus sp\u00e9cifique.<\/p>\n<\/li>\n<\/ul>\n<p style=\"text-align: left;\" data-start=\"884\" data-end=\"1072\">L\u2019\u00e9quipe de <strong data-start=\"896\" data-end=\"922\">l\u2019Espace Sant\u00e9 Famille<\/strong> d\u00e9veloppe ses actions autour de <strong data-start=\"955\" data-end=\"989\">plusieurs p\u00f4les d\u2019intervention<\/strong>, afin d\u2019assurer une prise en charge compl\u00e8te et coh\u00e9rente du bien-\u00eatre familial.<\/p>\n<p>[\/vc_column_text][vc_icon icon=\u00a0\u00bbfa fa-arrow-circle-down\u00a0\u00bb icon_color=\u00a0\u00bbcolor-jevc\u00a0\u00bb size=\u00a0\u00bbfa-3x\u00a0\u00bb uncode_shortcode_id=\u00a0\u00bb190139&Prime; icon_color_type=\u00a0\u00bbuncode-palette\u00a0\u00bb][\/vc_icon][vc_gallery el_id=\u00a0\u00bbgallery-199687&Prime; medias=\u00a0\u00bb118428,118429,118430,118432,118433,118532&Prime; gutter_size=\u00a0\u00bb2&Prime; media_items=\u00a0\u00bbmedia|custom_link|original,icon\u00a0\u00bb single_overlay_opacity=\u00a0\u00bb50&Prime; single_overlay_anim=\u00a0\u00bbno\u00a0\u00bb single_padding=\u00a0\u00bb2&Prime; single_border=\u00a0\u00bbyes\u00a0\u00bb uncode_shortcode_id=\u00a0\u00bb202550&Prime; items=\u00a0\u00bbeyIxMTgzMzRfaSI6eyJzaW5nbGVfbGluayI6InVybDpodHRwcyUzQSUyRiUyRmVzcGFjZXNhbnRlZmFtaWxsZS5jb20lMkZpbmRleC5waHAlMkZwcmV2ZW50aW9uJTJGfHRpdGxlOlByZXZlbnRpb258dGFyZ2V0Ol9ibGFuayJ9LCIxMTgzMzVfaSI6eyJzaW5nbGVfbGluayI6InVybDpodHRwcyUzQSUyRiUyRmVzcGFjZXNhbnRlZmFtaWxsZS5jb20lMkZpbmRleC5waHAlMkZyZW5jb250cmUlMkZ8dGl0bGU6UmVuY29udHJlfHRhcmdldDpfYmxhbmsifSwiMTE4MzM2X2kiOnsic2luZ2xlX2xpbmsiOiJ1cmw6aHR0cHMlM0ElMkYlMkZlc3BhY2VzYW50ZWZhbWlsbGUuY29tJTJGaW5kZXgucGhwJTJGcmVzZWF1JTJGfHRpdGxlOlJlc2VhdXx0YXJnZXQ6X2JsYW5rIn0sIjExODM1NV9pIjp7InNpbmdsZV9saW5rIjoidXJsOmh0dHBzJTNBJTJGJTJGZXNwYWNlc2FudGVmYW1pbGxlLmNvbSUyRmluZGV4LnBocCUyRmZhbWlsbGUlMkZ8dGl0bGU6RmFtaWxsZXx0YXJnZXQ6X2JsYW5rIn0sIjExODM1NF9pIjp7InNpbmdsZV9saW5rIjoidXJsOmh0dHBzJTNBJTJGJTJGZXNwYWNlc2FudGVmYW1pbGxlLmNvbSUyRmluZGV4LnBocCUyRmV4aWwlMkZ8dGl0bGU6RXhpbHx0YXJnZXQ6X2JsYW5rIn0sIjExODM1M19pIjp7InNpbmdsZV9saW5rIjoidXJsOmh0dHBzJTNBJTJGJTJGZXNwYWNlc2FudGVmYW1pbGxlLmNvbSUyRmluZGV4LnBocCUyRmVuZmFudCUyRnx0aXRsZTpFbmZhbnR8dGFyZ2V0Ol9ibGFuayJ9LCIxMTgzNTFfaSI6eyJzaW5nbGVfbGluayI6InVybDpodHRwcyUzQSUyRiUyRmVzcGFjZXNhbnRlZmFtaWxsZS5jb20lMkZpbmRleC5waHAlMkZhZHVsdGUlMkZ8dGl0bGU6QWR1bHRlfHRhcmdldDpfYmxhbmsifSwiMTE4MzUyX2kiOnsic2luZ2xlX2xpbmsiOiJ1cmw6aHR0cHMlM0ElMkYlMkZlc3BhY2VzYW50ZWZhbWlsbGUuY29tJTJGaW5kZXgucGhwJTJGY291cGxlJTJGfHRpdGxlOkNvdXBsZXx0YXJnZXQ6X2JsYW5rIn0sIjExODM1MF9pIjp7InNpbmdsZV9saW5rIjoidXJsOmh0dHBzJTNBJTJGJTJGZXNwYWNlc2FudGVmYW1pbGxlLmNvbSUyRmluZGV4LnBocCUyRmEtZG9taWNpbCUyRnx0aXRsZTpBJTIwZG9taWNpbHx0YXJnZXQ6X2JsYW5rIn0sIjExODM5MF9pIjp7InNpbmdsZV9saW5rIjoidXJsOmh0dHBzJTNBJTJGJTJGZXNwYWNlc2FudGVmYW1pbGxlLmNvbSUyRmluZGV4LnBocCUyRmZhbWlsbGUlMkZ8dGl0bGU6RmFtaWxsZXx0YXJnZXQ6X2JsYW5rIn0sIjExODM5MV9pIjp7InNpbmdsZV9saW5rIjoidXJsOmh0dHBzJTNBJTJGJTJGZXNwYWNlc2FudGVmYW1pbGxlLmNvbSUyRmluZGV4LnBocCUyRmNvdXBsZSUyRnx0aXRsZTpDb3VwbGV8dGFyZ2V0Ol9ibGFuayJ9LCIxMTgzOTJfaSI6eyJzaW5nbGVfbGluayI6InVybDpodHRwcyUzQSUyRiUyRmVzcGFjZXNhbnRlZmFtaWxsZS5jb20lMkZpbmRleC5waHAlMkZhZHVsdGUlMkZ8dGl0bGU6QWR1bHRlIn0sIjExODM5M19pIjp7InNpbmdsZV9saW5rIjoidXJsOmh0dHBzJTNBJTJGJTJGZXNwYWNlc2FudGVmYW1pbGxlLmNvbSUyRmluZGV4LnBocCUyRmVuZmFudCUyRnx0aXRsZTpFbmZhbnR8dGFyZ2V0Ol9ibGFuayJ9LCIxMTgzOTRfaSI6eyJzaW5nbGVfbGluayI6InVybDpodHRwcyUzQSUyRiUyRmVzcGFjZXNhbnRlZmFtaWxsZS5jb20lMkZpbmRleC5waHAlMkZleGlsJTJGfHRpdGxlOkV4aWx8dGFyZ2V0Ol9ibGFuayJ9LCIxMTgzOTVfaSI6eyJzaW5nbGVfbGluayI6InVybDpodHRwcyUzQSUyRiUyRmVzcGFjZXNhbnRlZmFtaWxsZS5jb20lMkZpbmRleC5waHAlMkZhLWRvbWljaWwlMkZ8dGl0bGU6QSUyMGRvbWljaWx8dGFyZ2V0Ol9ibGFuayJ9LCIxMTg0MjhfaSI6eyJzaW5nbGVfbGluayI6InVybDpodHRwcyUzQSUyRiUyRmVzcGFjZXNhbnRlZmFtaWxsZS5jb20lMkZpbmRleC5waHAlMkZmYW1pbGxlJTJGfHRpdGxlOkZhbWlsbGV8dGFyZ2V0Ol9ibGFuayJ9LCIxMTg0MjlfaSI6eyJzaW5nbGVfbGluayI6InVybDpodHRwcyUzQSUyRiUyRmVzcGFjZXNhbnRlZmFtaWxsZS5jb20lMkZpbmRleC5waHAlMkZjb3VwbGUlMkZ8dGl0bGU6Q291cGxlfHRhcmdldDpfYmxhbmsifSwiMTE4NDMwX2kiOnsic2luZ2xlX2xpbmsiOiJ1cmw6aHR0cHMlM0ElMkYlMkZlc3BhY2VzYW50ZWZhbWlsbGUuY29tJTJGaW5kZXgucGhwJTJGYWR1bHRlJTJGfHRpdGxlOkFkdWx0ZXx0YXJnZXQ6X2JsYW5rIn0sIjExODQzMV9pIjp7InNpbmdsZV9saW5rIjoidXJsOmh0dHBzJTNBJTJGJTJGZXNwYWNlc2FudGVmYW1pbGxlLmNvbSUyRmluZGV4LnBocCUyRmVuZmFudCUyRnx0aXRsZTpFbmZhbnR8dGFyZ2V0Ol9ibGFuayJ9LCIxMTg0MzJfaSI6eyJzaW5nbGVfbGluayI6InVybDpodHRwcyUzQSUyRiUyRmVzcGFjZXNhbnRlZmFtaWxsZS5jb20lMkZpbmRleC5waHAlMkZleGlsJTJGfHRpdGxlOkV4aWx8dGFyZ2V0Ol9ibGFuayJ9LCIxMTg0MzNfaSI6eyJzaW5nbGVfbGluayI6InVybDpodHRwcyUzQSUyRiUyRmVzcGFjZXNhbnRlZmFtaWxsZS5jb20lMkZpbmRleC5waHAlMkZhLWRvbWljaWwlMkZ8dGl0bGU6QSUyMGRvbWljaWx8dGFyZ2V0Ol9ibGFuayJ9LCIxMTg1MzJfaSI6eyJzaW5nbGVfbGluayI6InVybDpodHRwcyUzQSUyRiUyRmVzcGFjZXNhbnRlZmFtaWxsZS5jb20lMkZpbmRleC5waHAlMkZlbmZhbnQlMkZ8dGl0bGU6RW5mYW50In19&Prime;][\/vc_column][\/vc_row][vc_row unlock_row_content=\u00a0\u00bbyes\u00a0\u00bb row_height_percent=\u00a0\u00bb50&Prime; override_padding=\u00a0\u00bbyes\u00a0\u00bb h_padding=\u00a0\u00bb0&Prime; top_padding=\u00a0\u00bb0&Prime; bottom_padding=\u00a0\u00bb0&Prime; back_color=\u00a0\u00bbcolor-wayh\u00a0\u00bb overlay_alpha=\u00a0\u00bb100&Prime; equal_height=\u00a0\u00bbyes\u00a0\u00bb gutter_size=\u00a0\u00bb0&Prime; column_width_percent=\u00a0\u00bb100&Prime; shift_y=\u00a0\u00bb0&Prime; z_index=\u00a0\u00bb0&Prime; desktop_visibility=\u00a0\u00bbyes\u00a0\u00bb medium_visibility=\u00a0\u00bbyes\u00a0\u00bb mobile_visibility=\u00a0\u00bbyes\u00a0\u00bb inverted_device_order=\u00a0\u00bbyes\u00a0\u00bb auto_height_device=\u00a0\u00bbyes\u00a0\u00bb style=\u00a0\u00bbinherited\u00a0\u00bb uncode_shortcode_id=\u00a0\u00bb146138&Prime; back_color_type=\u00a0\u00bbuncode-palette\u00a0\u00bb][vc_column column_width_percent=\u00a0\u00bb100&Prime; position_horizontal=\u00a0\u00bbleft\u00a0\u00bb position_vertical=\u00a0\u00bbmiddle\u00a0\u00bb align_horizontal=\u00a0\u00bbalign_center\u00a0\u00bb gutter_size=\u00a0\u00bb1&Prime; override_padding=\u00a0\u00bbyes\u00a0\u00bb column_padding=\u00a0\u00bb4&Prime; back_color=\u00a0\u00bbcolor-xsdn\u00a0\u00bb overlay_alpha=\u00a0\u00bb100&Prime; shift_x=\u00a0\u00bb0&Prime; shift_y=\u00a0\u00bb0&Prime; shift_y_down=\u00a0\u00bb0&Prime; z_index=\u00a0\u00bb0&Prime; medium_width=\u00a0\u00bb3&Prime; mobile_width=\u00a0\u00bb0&Prime; zoom_width=\u00a0\u00bb0&Prime; zoom_height=\u00a0\u00bb0&Prime; width=\u00a0\u00bb1\/3&Prime; uncode_shortcode_id=\u00a0\u00bb173870&Prime; back_color_type=\u00a0\u00bbuncode-palette\u00a0\u00bb link_to=\u00a0\u00bburl:https%3A%2F%2Fespacesantefamille.be%2Findex.php%2Ffamille%2F|title:Famille|target:_blank\u00a0\u00bb][vc_icon icon=\u00a0\u00bbfa fa-heart2&Prime; icon_image=\u00a0\u00bb118213&Prime; media_size=\u00a0\u00bb200&Prime; align=\u00a0\u00bb\u00a0\u00bb uncode_shortcode_id=\u00a0\u00bb105637&Prime;][\/vc_icon][vc_custom_heading text_color=\u00a0\u00bbcolor-483291&Prime; uncode_shortcode_id=\u00a0\u00bb173792&Prime; text_color_type=\u00a0\u00bbuncode-palette\u00a0\u00bb]<\/p>\n<div class=\"page\" title=\"Page 1\">\n<div class=\"section\">\n<div class=\"layoutArea\">\n<div class=\"column\">\n<p>Famille<\/p>\n<\/div>\n<\/div>\n<\/div>\n<\/div>\n<p>[\/vc_custom_heading][\/vc_column][vc_column column_width_percent=\u00a0\u00bb100&Prime; position_vertical=\u00a0\u00bbmiddle\u00a0\u00bb align_horizontal=\u00a0\u00bbalign_center\u00a0\u00bb gutter_size=\u00a0\u00bb1&Prime; back_color=\u00a0\u00bbcolor-483291&Prime; overlay_alpha=\u00a0\u00bb100&Prime; shift_x=\u00a0\u00bb0&Prime; shift_y=\u00a0\u00bb0&Prime; shift_y_down=\u00a0\u00bb0&Prime; z_index=\u00a0\u00bb0&Prime; medium_width=\u00a0\u00bb3&Prime; mobile_width=\u00a0\u00bb0&Prime; zoom_width=\u00a0\u00bb0&Prime; zoom_height=\u00a0\u00bb0&Prime; width=\u00a0\u00bb1\/3&Prime; mobile_height=\u00a0\u00bb260&Prime; uncode_shortcode_id=\u00a0\u00bb139528&Prime; back_color_type=\u00a0\u00bbuncode-palette\u00a0\u00bb link_to=\u00a0\u00bburl:https%3A%2F%2Fespacesantefamille.be%2Findex.php%2Fcouple%2F|title:Couple|target:_blank\u00a0\u00bb][vc_icon icon=\u00a0\u00bbfa fa-heart2&Prime; icon_image=\u00a0\u00bb118252&Prime; media_size=\u00a0\u00bb200&Prime; align=\u00a0\u00bb\u00a0\u00bb uncode_shortcode_id=\u00a0\u00bb366418&Prime;][\/vc_icon][vc_custom_heading text_color=\u00a0\u00bbcolor-xsdn\u00a0\u00bb uncode_shortcode_id=\u00a0\u00bb205499&Prime; text_color_type=\u00a0\u00bbuncode-palette\u00a0\u00bb]<\/p>\n<div class=\"page\" title=\"Page 1\">\n<div class=\"section\">\n<div class=\"layoutArea\">\n<div class=\"column\">\n<div class=\"page\" title=\"Page 1\">\n<div class=\"section\">\n<div class=\"layoutArea\">\n<div class=\"column\">\n<p>Couple<\/p>\n<\/div>\n<\/div>\n<\/div>\n<\/div>\n<\/div>\n<\/div>\n<\/div>\n<\/div>\n<p>[\/vc_custom_heading][\/vc_column][vc_column column_width_percent=\u00a0\u00bb100&Prime; position_vertical=\u00a0\u00bbmiddle\u00a0\u00bb align_horizontal=\u00a0\u00bbalign_center\u00a0\u00bb gutter_size=\u00a0\u00bb1&Prime; override_padding=\u00a0\u00bbyes\u00a0\u00bb column_padding=\u00a0\u00bb4&Prime; back_color=\u00a0\u00bbcolor-xsdn\u00a0\u00bb overlay_alpha=\u00a0\u00bb50&Prime; shift_x=\u00a0\u00bb0&Prime; shift_y=\u00a0\u00bb0&Prime; shift_y_down=\u00a0\u00bb0&Prime; z_index=\u00a0\u00bb0&Prime; medium_width=\u00a0\u00bb3&Prime; mobile_width=\u00a0\u00bb0&Prime; zoom_width=\u00a0\u00bb0&Prime; zoom_height=\u00a0\u00bb0&Prime; width=\u00a0\u00bb1\/3&Prime; uncode_shortcode_id=\u00a0\u00bb189760&Prime; back_color_type=\u00a0\u00bbuncode-palette\u00a0\u00bb link_to=\u00a0\u00bburl:https%3A%2F%2Fespacesantefamille.be%2Findex.php%2Fadulte%2F|title:Adulte|target:_blank\u00a0\u00bb][vc_icon icon=\u00a0\u00bbfa fa-circle-compass\u00a0\u00bb icon_image=\u00a0\u00bb118215&Prime; media_size=\u00a0\u00bb200&Prime; align=\u00a0\u00bb\u00a0\u00bb uncode_shortcode_id=\u00a0\u00bb166443&Prime;][\/vc_icon][vc_custom_heading text_color=\u00a0\u00bbcolor-483291&Prime; uncode_shortcode_id=\u00a0\u00bb128184&Prime; text_color_type=\u00a0\u00bbuncode-palette\u00a0\u00bb]<\/p>\n<div class=\"page\" title=\"Page 1\">\n<div class=\"section\">\n<div class=\"layoutArea\">\n<div class=\"column\">\n<div class=\"page\" title=\"Page 1\">\n<div class=\"section\">\n<div class=\"layoutArea\">\n<div class=\"column\">\n<p>Adulte<\/p>\n<\/div>\n<\/div>\n<\/div>\n<\/div>\n<\/div>\n<\/div>\n<\/div>\n<\/div>\n<p>[\/vc_custom_heading][\/vc_column][\/vc_row][vc_row unlock_row_content=\u00a0\u00bbyes\u00a0\u00bb row_height_percent=\u00a0\u00bb50&Prime; override_padding=\u00a0\u00bbyes\u00a0\u00bb h_padding=\u00a0\u00bb0&Prime; top_padding=\u00a0\u00bb0&Prime; bottom_padding=\u00a0\u00bb0&Prime; back_color=\u00a0\u00bbcolor-wayh\u00a0\u00bb overlay_alpha=\u00a0\u00bb100&Prime; equal_height=\u00a0\u00bbyes\u00a0\u00bb gutter_size=\u00a0\u00bb0&Prime; column_width_percent=\u00a0\u00bb100&Prime; shift_y=\u00a0\u00bb0&Prime; z_index=\u00a0\u00bb0&Prime; desktop_visibility=\u00a0\u00bbyes\u00a0\u00bb medium_visibility=\u00a0\u00bbyes\u00a0\u00bb mobile_visibility=\u00a0\u00bbyes\u00a0\u00bb inverted_device_order=\u00a0\u00bbyes\u00a0\u00bb auto_height_device=\u00a0\u00bbyes\u00a0\u00bb style=\u00a0\u00bbinherited\u00a0\u00bb uncode_shortcode_id=\u00a0\u00bb805351&Prime; back_color_type=\u00a0\u00bbuncode-palette\u00a0\u00bb][vc_column column_width_percent=\u00a0\u00bb100&Prime; position_vertical=\u00a0\u00bbmiddle\u00a0\u00bb align_horizontal=\u00a0\u00bbalign_center\u00a0\u00bb gutter_size=\u00a0\u00bb1&Prime; back_color=\u00a0\u00bbcolor-483291&Prime; overlay_alpha=\u00a0\u00bb100&Prime; shift_x=\u00a0\u00bb0&Prime; shift_y=\u00a0\u00bb0&Prime; shift_y_down=\u00a0\u00bb0&Prime; z_index=\u00a0\u00bb0&Prime; medium_width=\u00a0\u00bb3&Prime; mobile_width=\u00a0\u00bb0&Prime; zoom_height=\u00a0\u00bb0&Prime; width=\u00a0\u00bb1\/3&Prime; mobile_height=\u00a0\u00bb260&Prime; uncode_shortcode_id=\u00a0\u00bb339069&Prime; back_color_type=\u00a0\u00bbuncode-palette\u00a0\u00bb link_to=\u00a0\u00bburl:https%3A%2F%2Fespacesantefamille.be%2Findex.php%2Fenfant%2F|title:Enfant|target:_blank\u00a0\u00bb][vc_icon icon=\u00a0\u00bbfa fa-heart2&Prime; icon_image=\u00a0\u00bb118253&Prime; media_size=\u00a0\u00bb200&Prime; align=\u00a0\u00bb\u00a0\u00bb uncode_shortcode_id=\u00a0\u00bb573236&Prime;][\/vc_icon][vc_custom_heading text_color=\u00a0\u00bbcolor-xsdn\u00a0\u00bb uncode_shortcode_id=\u00a0\u00bb882874&Prime; text_color_type=\u00a0\u00bbuncode-palette\u00a0\u00bb]<\/p>\n<div class=\"page\" title=\"Page 1\">\n<div class=\"section\">\n<div class=\"layoutArea\">\n<div class=\"column\">\n<div class=\"page\" title=\"Page 1\">\n<div class=\"section\">\n<div class=\"layoutArea\">\n<div class=\"column\">\n<div class=\"page\" title=\"Page 1\">\n<div class=\"section\">\n<div class=\"layoutArea\">\n<div class=\"column\">\n<p>Enfant<\/p>\n<\/div>\n<\/div>\n<\/div>\n<\/div>\n<\/div>\n<\/div>\n<\/div>\n<\/div>\n<\/div>\n<\/div>\n<\/div>\n<\/div>\n<p>[\/vc_custom_heading][\/vc_column][vc_column column_width_percent=\u00a0\u00bb100&Prime; position_vertical=\u00a0\u00bbmiddle\u00a0\u00bb align_horizontal=\u00a0\u00bbalign_center\u00a0\u00bb gutter_size=\u00a0\u00bb1&Prime; override_padding=\u00a0\u00bbyes\u00a0\u00bb column_padding=\u00a0\u00bb4&Prime; back_color=\u00a0\u00bbcolor-xsdn\u00a0\u00bb overlay_alpha=\u00a0\u00bb100&Prime; shift_x=\u00a0\u00bb0&Prime; shift_y=\u00a0\u00bb0&Prime; shift_y_down=\u00a0\u00bb0&Prime; z_index=\u00a0\u00bb0&Prime; medium_width=\u00a0\u00bb3&Prime; mobile_width=\u00a0\u00bb0&Prime; zoom_width=\u00a0\u00bb0&Prime; zoom_height=\u00a0\u00bb0&Prime; width=\u00a0\u00bb1\/3&Prime; uncode_shortcode_id=\u00a0\u00bb772760&Prime; back_color_type=\u00a0\u00bbuncode-palette\u00a0\u00bb link_to=\u00a0\u00bburl:https%3A%2F%2Fespacesantefamille.be%2Findex.php%2Fexil%2F|title:Exil|target:_blank\u00a0\u00bb][vc_icon icon=\u00a0\u00bbfa fa-puzzle\u00a0\u00bb icon_image=\u00a0\u00bb118217&Prime; media_size=\u00a0\u00bb200&Prime; align=\u00a0\u00bb\u00a0\u00bb uncode_shortcode_id=\u00a0\u00bb417960&Prime;][\/vc_icon][vc_custom_heading text_color=\u00a0\u00bbcolor-483291&Prime; uncode_shortcode_id=\u00a0\u00bb365234&Prime; text_color_type=\u00a0\u00bbuncode-palette\u00a0\u00bb]<\/p>\n<div class=\"page\" title=\"Page 1\">\n<div class=\"section\">\n<div class=\"layoutArea\">\n<div class=\"column\">\n<div class=\"page\" title=\"Page 1\">\n<div class=\"section\">\n<div class=\"layoutArea\">\n<div class=\"column\">\n<div class=\"page\" title=\"Page 1\">\n<div class=\"section\">\n<div class=\"layoutArea\">\n<div class=\"column\">\n<p>Exil<\/p>\n<\/div>\n<\/div>\n<\/div>\n<\/div>\n<\/div>\n<\/div>\n<\/div>\n<\/div>\n<\/div>\n<\/div>\n<\/div>\n<\/div>\n<p>[\/vc_custom_heading][\/vc_column][vc_column column_width_percent=\u00a0\u00bb100&Prime; position_vertical=\u00a0\u00bbmiddle\u00a0\u00bb align_horizontal=\u00a0\u00bbalign_center\u00a0\u00bb gutter_size=\u00a0\u00bb1&Prime; back_color=\u00a0\u00bbcolor-483291&Prime; overlay_alpha=\u00a0\u00bb100&Prime; shift_x=\u00a0\u00bb0&Prime; shift_y=\u00a0\u00bb0&Prime; shift_y_down=\u00a0\u00bb0&Prime; z_index=\u00a0\u00bb0&Prime; medium_width=\u00a0\u00bb3&Prime; mobile_width=\u00a0\u00bb0&Prime; zoom_width=\u00a0\u00bb0&Prime; zoom_height=\u00a0\u00bb0&Prime; width=\u00a0\u00bb1\/3&Prime; mobile_height=\u00a0\u00bb260&Prime; uncode_shortcode_id=\u00a0\u00bb730400&Prime; back_color_type=\u00a0\u00bbuncode-palette\u00a0\u00bb link_to=\u00a0\u00bburl:https%3A%2F%2Fespacesantefamille.be%2Findex.php%2Fa-domicil%2F|title:A%20domicil|target:_blank\u00a0\u00bb][vc_icon icon=\u00a0\u00bbfa fa-circle-compass\u00a0\u00bb icon_image=\u00a0\u00bb118254&Prime; media_size=\u00a0\u00bb200&Prime; align=\u00a0\u00bb\u00a0\u00bb uncode_shortcode_id=\u00a0\u00bb199925&Prime;][\/vc_icon][vc_custom_heading text_color=\u00a0\u00bbcolor-xsdn\u00a0\u00bb uncode_shortcode_id=\u00a0\u00bb621634&Prime; text_color_type=\u00a0\u00bbuncode-palette\u00a0\u00bb]<\/p>\n<div class=\"page\" title=\"Page 1\">\n<div class=\"section\">\n<div class=\"layoutArea\">\n<div class=\"column\">\n<div class=\"page\" title=\"Page 1\">\n<div class=\"section\">\n<div class=\"layoutArea\">\n<div class=\"column\">\n<div class=\"page\" title=\"Page 1\">\n<div class=\"section\">\n<div class=\"layoutArea\">\n<div class=\"column\">\n<div class=\"page\" title=\"Page 1\">\n<div class=\"section\">\n<div class=\"layoutArea\">\n<div class=\"column\">\n<p>A\u0300 domicile<\/p>\n<\/div>\n<\/div>\n<\/div>\n<\/div>\n<\/div>\n<\/div>\n<\/div>\n<\/div>\n<\/div>\n<\/div>\n<\/div>\n<\/div>\n<\/div>\n<\/div>\n<\/div>\n<\/div>\n<p>[\/vc_custom_heading][\/vc_column][\/vc_row][vc_row row_height_percent=\u00a0\u00bb85&Prime; override_padding=\u00a0\u00bbyes\u00a0\u00bb h_padding=\u00a0\u00bb2&Prime; top_padding=\u00a0\u00bb5&Prime; bottom_padding=\u00a0\u00bb5&Prime; back_image=\u00a0\u00bb118249&Prime; back_position=\u00a0\u00bbcenter center\u00a0\u00bb overlay_color=\u00a0\u00bbcolor-rgdb\u00a0\u00bb overlay_alpha=\u00a0\u00bb0&Prime; gutter_size=\u00a0\u00bb3&Prime; column_width_percent=\u00a0\u00bb100&Prime; shift_y=\u00a0\u00bb0&Prime; z_index=\u00a0\u00bb0&Prime; top_divider=\u00a0\u00bbgradient\u00a0\u00bb uncode_shortcode_id=\u00a0\u00bb202971&Prime; overlay_color_type=\u00a0\u00bbuncode-palette\u00a0\u00bb][vc_column column_width_percent=\u00a0\u00bb100&Prime; position_vertical=\u00a0\u00bbmiddle\u00a0\u00bb gutter_size=\u00a0\u00bb2&Prime; style=\u00a0\u00bbdark\u00a0\u00bb overlay_alpha=\u00a0\u00bb50&Prime; shift_x=\u00a0\u00bb0&Prime; shift_y=\u00a0\u00bb0&Prime; shift_y_down=\u00a0\u00bb0&Prime; z_index=\u00a0\u00bb0&Prime; medium_width=\u00a0\u00bb0&Prime; mobile_width=\u00a0\u00bb0&Prime; width=\u00a0\u00bb1\/1&Prime;][\/vc_column][\/vc_row]<\/p>\n<\/div>","protected":false},"excerpt":{"rendered":"<p>[vc_row row_height_percent=\u00a0\u00bb85&Prime; override_padding=\u00a0\u00bbyes\u00a0\u00bb h_padding=\u00a0\u00bb2&Prime; top_padding=\u00a0\u00bb5&Prime; bottom_padding=\u00a0\u00bb5&Prime; back_image=\u00a0\u00bb118257&Prime; back_position=\u00a0\u00bbcenter center\u00a0\u00bb overlay_color=\u00a0\u00bbcolor-rgdb\u00a0\u00bb overlay_alpha=\u00a0\u00bb0&Prime; gutter_size=\u00a0\u00bb3&Prime; column_width_percent=\u00a0\u00bb100&Prime; shift_y=\u00a0\u00bb0&Prime; z_index=\u00a0\u00bb0&Prime; top_divider=\u00a0\u00bbgradient\u00a0\u00bb uncode_shortcode_id=\u00a0\u00bb151214&Prime; overlay_color_type=\u00a0\u00bbuncode-palette\u00a0\u00bb][vc_column column_width_percent=\u00a0\u00bb100&Prime; position_vertical=\u00a0\u00bbmiddle\u00a0\u00bb [&hellip;]<\/p>\n","protected":false},"author":1,"featured_media":0,"parent":0,"menu_order":0,"comment_status":"closed","ping_status":"closed","template":"","meta":{"footnotes":""},"class_list":["post-118208","page","type-page","status-publish","hentry"],"_links":{"self":[{"href":"https:\/\/espacesantefamille.be\/index.php\/wp-json\/wp\/v2\/pages\/118208","targetHints":{"allow":["GET"]}}],"collection":[{"href":"https:\/\/espacesantefamille.be\/index.php\/wp-json\/wp\/v2\/pages"}],"about":[{"href":"https:\/\/espacesantefamille.be\/index.php\/wp-json\/wp\/v2\/types\/page"}],"author":[{"embeddable":true,"href":"https:\/\/espacesantefamille.be\/index.php\/wp-json\/wp\/v2\/users\/1"}],"replies":[{"embeddable":true,"href":"https:\/\/espacesantefamille.be\/index.php\/wp-json\/wp\/v2\/comments?post=118208"}],"version-history":[{"count":30,"href":"https:\/\/espacesantefamille.be\/index.php\/wp-json\/wp\/v2\/pages\/118208\/revisions"}],"predecessor-version":[{"id":118908,"href":"https:\/\/espacesantefamille.be\/index.php\/wp-json\/wp\/v2\/pages\/118208\/revisions\/118908"}],"wp:attachment":[{"href":"https:\/\/espacesantefamille.be\/index.php\/wp-json\/wp\/v2\/media?parent=118208"}],"curies":[{"name":"wp","href":"https:\/\/api.w.org\/{rel}","templated":true}]}}